{"id":2252,"date":"2017-06-06T10:16:20","date_gmt":"2017-06-06T08:16:20","guid":{"rendered":"http:\/\/science-park-saar.strukturholding.de\/data-protection\/"},"modified":"2023-12-12T17:58:04","modified_gmt":"2023-12-12T16:58:04","slug":"protection-des-donnees","status":"publish","type":"page","link":"https:\/\/www.science-park-saar.de\/fr\/protection-des-donnees\/","title":{"rendered":"Protection des donn\u00e9es"},"content":{"rendered":"<h1>Protection des donn\u00e9es<\/h1>\n<h2>Matomo<\/h2>\n<p>Nous utilisons l&rsquo;outil d&rsquo;analyse web \u00ab\u00a0Matomo\u00a0\u00bb (<span id=\"span-329-204\" class=\"ct-span\"><a href=\"https:\/\/matomo.org\/\" data-da-link-item=\"true\" data-da-id=\"282\" data-da-next=\"283\" data-da-prev=\"281\" data-da-focused=\"false\" data-da-down=\"284\" data-da-up=\"278\">https:\/\/matomo.org\/<\/a><\/span>). Matomo est un outil open source d\u00e9velopp\u00e9 par la soci\u00e9t\u00e9 \u00ab\u00a0InnoCraft Ltd\u00a0\u00bb, 150 Willis St, 6011 Wellington, Nouvelle-Z\u00e9lande,\u00a0<span id=\"span-333-204\" class=\"ct-span\"><a href=\"https:\/\/www.innocraft.com\/\" data-da-link-item=\"true\" data-da-id=\"283\" data-da-next=\"284\" data-da-prev=\"282\" data-da-focused=\"false\" data-da-down=\"285\" data-da-up=\"280\">https:\/\/www.innocraft.com\/<\/a><\/span>\u00a0(ci-apr\u00e8s d\u00e9nomm\u00e9e \u00ab\u00a0InnoCraft\u00a0\u00bb) (InnoCraft Ltd a \u00e9t\u00e9 fond\u00e9e par les d\u00e9veloppeurs de Matomo). La d\u00e9claration de confidentialit\u00e9 de Matomo peut \u00eatre consult\u00e9e ici :\u00a0<span id=\"span-337-204\" class=\"ct-span\"><a href=\"https:\/\/matomo.org\/privacy-policy\/\" data-da-link-item=\"true\" data-da-id=\"284\" data-da-next=\"285\" data-da-prev=\"283\" data-da-focused=\"false\" data-da-down=\"290\" data-da-up=\"282\">https:\/\/matomo.org\/privacy-policy\/<\/a><\/span>. Aucun cookie n&rsquo;est utilis\u00e9, seule une \u00ab\u00a0empreinte num\u00e9rique\u00a0\u00bb est enregistr\u00e9e (diff\u00e9rentes donn\u00e9es techniques, telles que le navigateur utilis\u00e9, permettent d&rsquo;obtenir une valeur de hachage, c&rsquo;est-\u00e0-dire une combinaison de caract\u00e8res \u00e0 partir desquels les donn\u00e9es d&rsquo;origine ne peuvent pas \u00eatre d\u00e9duites), qui est modifi\u00e9e toutes les 24 heures. Nous utilisons Matomo sur la base de notre int\u00e9r\u00eat l\u00e9gitime, conform\u00e9ment \u00e0 l&rsquo;article 6, paragraphe 1, phrase 1, point f du RGPD, \u00e0 optimiser notre site web et \u00e0 l&rsquo;exploiter de mani\u00e8re rentable.<\/p>\n<p>[matomo_opt_out language=fr]<\/p>\n<hr \/>\n<h2 class=\"p1\">Cookies<\/h2>\n<p>Les cookies sont de petits fichiers textes enregistr\u00e9s sur le disque dur de votre ordinateur lors de votre navigation sur Internet. Un cookie ne nous permet pas de vous identifier nominativement ; en revanche, il enregistre des informations relatives \u00e0 votre navigation qui pourront \u00eatre directement lues par nos serveurs lors de vos visites et requ\u00eates ult\u00e9rieures sur le site(telles que par exemple : les pages que vous avez consult\u00e9es, ou la date et l&rsquo;heure de la consultation de ces pages). Les balises web sont des petits bouts de codes plac\u00e9s sur les pages web, et qui permettent entre autre de compter le nombre de visiteurs d&rsquo;une page web et la fa\u00e7on dont les utilisateurs se comportent sur cette page. Les donn\u00e9es collect\u00e9es au moyen de cookies, balises web et technologies assimil\u00e9es permettent notamment d&rsquo;am\u00e9liorer la qualit\u00e9 des Services et Contenus afin de les rendre plus attrayants ou fonctionnels et faciliter notamment votre navigation.<\/p>\n<h2><\/h2>\n","protected":false},"excerpt":{"rendered":"<p>Protection des donn\u00e9es Matomo Nous utilisons l&rsquo;outil d&rsquo;analyse web \u00ab\u00a0Matomo\u00a0\u00bb (https:\/\/matomo.org\/). Matomo est un outil<\/p>\n","protected":false},"author":2,"featured_media":0,"parent":0,"menu_order":201,"comment_status":"closed","ping_status":"closed","template":"","meta":{"_acf_changed":false,"footnotes":""},"class_list":["post-2252","page","type-page","status-publish","hentry"],"acf":[],"yoast_head":"<!-- This site is optimized with the Yoast SEO plugin v27.3 - https:\/\/yoast.com\/product\/yoast-seo-wordpress\/ -->\n<title>Protection des donn\u00e9es - Science Park Saar<\/title>\n<meta name=\"robots\" content=\"index, follow, max-snippet:-1, max-image-preview:large, max-video-preview:-1\" \/>\n<link rel=\"canonical\" href=\"https:\/\/www.science-park-saar.de\/fr\/protection-des-donnees\/\" \/>\n<meta property=\"og:locale\" content=\"fr_FR\" \/>\n<meta property=\"og:type\" content=\"article\" \/>\n<meta property=\"og:title\" content=\"Protection des donn\u00e9es - Science Park Saar\" \/>\n<meta property=\"og:description\" content=\"Protection des donn\u00e9es Matomo Nous utilisons l&rsquo;outil d&rsquo;analyse web \u00ab\u00a0Matomo\u00a0\u00bb (https:\/\/matomo.org\/). Matomo est un outil\" \/>\n<meta property=\"og:url\" content=\"https:\/\/www.science-park-saar.de\/fr\/protection-des-donnees\/\" \/>\n<meta property=\"og:site_name\" content=\"Science Park Saar\" \/>\n<meta property=\"article:modified_time\" content=\"2023-12-12T16:58:04+00:00\" \/>\n<meta name=\"twitter:card\" content=\"summary_large_image\" \/>\n<meta name=\"twitter:label1\" content=\"Dur\u00e9e de lecture estim\u00e9e\" \/>\n\t<meta name=\"twitter:data1\" content=\"2 minutes\" \/>\n<script type=\"application\/ld+json\" class=\"yoast-schema-graph\">{\"@context\":\"https:\\\/\\\/schema.org\",\"@graph\":[{\"@type\":\"WebPage\",\"@id\":\"https:\\\/\\\/www.science-park-saar.de\\\/fr\\\/protection-des-donnees\\\/\",\"url\":\"https:\\\/\\\/www.science-park-saar.de\\\/fr\\\/protection-des-donnees\\\/\",\"name\":\"Protection des donn\u00e9es - Science Park Saar\",\"isPartOf\":{\"@id\":\"https:\\\/\\\/www.science-park-saar.de\\\/#website\"},\"datePublished\":\"2017-06-06T08:16:20+00:00\",\"dateModified\":\"2023-12-12T16:58:04+00:00\",\"breadcrumb\":{\"@id\":\"https:\\\/\\\/www.science-park-saar.de\\\/fr\\\/protection-des-donnees\\\/#breadcrumb\"},\"inLanguage\":\"fr-FR\",\"potentialAction\":[{\"@type\":\"ReadAction\",\"target\":[\"https:\\\/\\\/www.science-park-saar.de\\\/fr\\\/protection-des-donnees\\\/\"]}]},{\"@type\":\"BreadcrumbList\",\"@id\":\"https:\\\/\\\/www.science-park-saar.de\\\/fr\\\/protection-des-donnees\\\/#breadcrumb\",\"itemListElement\":[{\"@type\":\"ListItem\",\"position\":1,\"name\":\"Startseite\",\"item\":\"https:\\\/\\\/www.science-park-saar.de\\\/fr\\\/\"},{\"@type\":\"ListItem\",\"position\":2,\"name\":\"Protection des donn\u00e9es\"}]},{\"@type\":\"WebSite\",\"@id\":\"https:\\\/\\\/www.science-park-saar.de\\\/#website\",\"url\":\"https:\\\/\\\/www.science-park-saar.de\\\/\",\"name\":\"Science Park Saar\",\"description\":\"\",\"potentialAction\":[{\"@type\":\"SearchAction\",\"target\":{\"@type\":\"EntryPoint\",\"urlTemplate\":\"https:\\\/\\\/www.science-park-saar.de\\\/?s={search_term_string}\"},\"query-input\":{\"@type\":\"PropertyValueSpecification\",\"valueRequired\":true,\"valueName\":\"search_term_string\"}}],\"inLanguage\":\"fr-FR\"}]}<\/script>\n<!-- \/ Yoast SEO plugin. -->","yoast_head_json":{"title":"Protection des donn\u00e9es - Science Park Saar","robots":{"index":"index","follow":"follow","max-snippet":"max-snippet:-1","max-image-preview":"max-image-preview:large","max-video-preview":"max-video-preview:-1"},"canonical":"https:\/\/www.science-park-saar.de\/fr\/protection-des-donnees\/","og_locale":"fr_FR","og_type":"article","og_title":"Protection des donn\u00e9es - Science Park Saar","og_description":"Protection des donn\u00e9es Matomo Nous utilisons l&rsquo;outil d&rsquo;analyse web \u00ab\u00a0Matomo\u00a0\u00bb (https:\/\/matomo.org\/). Matomo est un outil","og_url":"https:\/\/www.science-park-saar.de\/fr\/protection-des-donnees\/","og_site_name":"Science Park Saar","article_modified_time":"2023-12-12T16:58:04+00:00","twitter_card":"summary_large_image","twitter_misc":{"Dur\u00e9e de lecture estim\u00e9e":"2 minutes"},"schema":{"@context":"https:\/\/schema.org","@graph":[{"@type":"WebPage","@id":"https:\/\/www.science-park-saar.de\/fr\/protection-des-donnees\/","url":"https:\/\/www.science-park-saar.de\/fr\/protection-des-donnees\/","name":"Protection des donn\u00e9es - Science Park Saar","isPartOf":{"@id":"https:\/\/www.science-park-saar.de\/#website"},"datePublished":"2017-06-06T08:16:20+00:00","dateModified":"2023-12-12T16:58:04+00:00","breadcrumb":{"@id":"https:\/\/www.science-park-saar.de\/fr\/protection-des-donnees\/#breadcrumb"},"inLanguage":"fr-FR","potentialAction":[{"@type":"ReadAction","target":["https:\/\/www.science-park-saar.de\/fr\/protection-des-donnees\/"]}]},{"@type":"BreadcrumbList","@id":"https:\/\/www.science-park-saar.de\/fr\/protection-des-donnees\/#breadcrumb","itemListElement":[{"@type":"ListItem","position":1,"name":"Startseite","item":"https:\/\/www.science-park-saar.de\/fr\/"},{"@type":"ListItem","position":2,"name":"Protection des donn\u00e9es"}]},{"@type":"WebSite","@id":"https:\/\/www.science-park-saar.de\/#website","url":"https:\/\/www.science-park-saar.de\/","name":"Science Park Saar","description":"","potentialAction":[{"@type":"SearchAction","target":{"@type":"EntryPoint","urlTemplate":"https:\/\/www.science-park-saar.de\/?s={search_term_string}"},"query-input":{"@type":"PropertyValueSpecification","valueRequired":true,"valueName":"search_term_string"}}],"inLanguage":"fr-FR"}]}},"_links":{"self":[{"href":"https:\/\/www.science-park-saar.de\/fr\/wp-json\/wp\/v2\/pages\/2252","targetHints":{"allow":["GET"]}}],"collection":[{"href":"https:\/\/www.science-park-saar.de\/fr\/wp-json\/wp\/v2\/pages"}],"about":[{"href":"https:\/\/www.science-park-saar.de\/fr\/wp-json\/wp\/v2\/types\/page"}],"author":[{"embeddable":true,"href":"https:\/\/www.science-park-saar.de\/fr\/wp-json\/wp\/v2\/users\/2"}],"replies":[{"embeddable":true,"href":"https:\/\/www.science-park-saar.de\/fr\/wp-json\/wp\/v2\/comments?post=2252"}],"version-history":[{"count":3,"href":"https:\/\/www.science-park-saar.de\/fr\/wp-json\/wp\/v2\/pages\/2252\/revisions"}],"predecessor-version":[{"id":4156,"href":"https:\/\/www.science-park-saar.de\/fr\/wp-json\/wp\/v2\/pages\/2252\/revisions\/4156"}],"wp:attachment":[{"href":"https:\/\/www.science-park-saar.de\/fr\/wp-json\/wp\/v2\/media?parent=2252"}],"curies":[{"name":"wp","href":"https:\/\/api.w.org\/{rel}","templated":true}]}}