{"id":1149,"date":"2017-06-06T10:16:31","date_gmt":"2017-06-06T08:16:31","guid":{"rendered":"http:\/\/science-park-saar.strukturholding.de\/impressum\/"},"modified":"2020-09-07T11:30:43","modified_gmt":"2020-09-07T09:30:43","slug":"impressum","status":"publish","type":"page","link":"https:\/\/www.science-park-saar.de\/fr\/impressum\/","title":{"rendered":"Mentions l\u00e9gales"},"content":{"rendered":"<h1>Mentions l\u00e9gales<\/h1>\n<h3>SHS Strukturholding Saar GmbH<\/h3>\n<p>Balthasar-Goldstein-Stra\u00dfe 31<br \/>\n66131 Sarrebruck<br \/>\nAllemagne<\/p>\n<p>T\u00e9l.\u00a0: +49\u00a06893 \/\u00a09899 600<\/p>\n<p>Courriel : <a href=\"mailto:info@strukturholding.de\">\u00bb info@strukturholding.de<\/a><br \/>\nInternet\u00a0: <a href=\"https:\/\/www.strukturholding.de\/\">\u00bb www.strukturholding.de<\/a><\/p>\n<hr \/>\n<h3>G\u00e9rance\u00a0:<\/h3>\n<p>Rita Gindorf-Wagner<br \/>\nThomas Schuck<br \/>\nValentin Holzer<\/p>\n<h3>Pr\u00e9sident du Conseil de surveillance\u00a0:<\/h3>\n<p>J\u00fcrgen Barke<\/p>\n<h3>Registre du commerce\u00a0:<\/h3>\n<p>HRB 11194 Sarrebruck<\/p>\n<h3>For comp\u00e9tent\u00a0:<\/h3>\n<p>Amtsgericht de Sarrebruck<\/p>\n<h3>TVA intracommunautaire\u00a0:<\/h3>\n<p>DE 191937540<\/p>\n<hr \/>\n<h3>Remarques concernant les sources des images\u00a0:<\/h3>\n<p>Images avec l&rsquo;aimable autorisation de\u00a0:<\/p>\n<ul>\n<li>Andre Mail\u00e4nder<\/li>\n<li>DFKI<\/li>\n<li>Dirk Guldner<\/li>\n<li>FORD Saarlouis<\/li>\n<li>Fresenius Medical Care<\/li>\n<li>INM<\/li>\n<li>Jennifer Weyland<\/li>\n<li>Josef Bohnenberger<\/li>\n<li>Manuela Meyer<\/li>\n<li>Matthias Becker<\/li>\n<li>Ministerium f\u00fcr Wirtschaft, Arbeit, Energie und Verkehr<\/li>\n<li>NANO-X<\/li>\n<li>Oliver Dietze<\/li>\n<li>Rolf Ruppenthal<\/li>\n<li>Saarland Therme<\/li>\n<li>Sparda Telefonservice<\/li>\n<li>Tourismuszentrale Saarland<\/li>\n<li>Universit\u00e4t des Saarlandes<\/li>\n<\/ul>\n<hr \/>\n<h3>conception, design, programmation en ligne<\/h3>\n<p>for.motion GmbH, Sarrebruck<br \/>\nT\u00e9l: 0681 \u2013 6688160<br \/>\nCourriel: <a href=\"mailto:info@formotion.de\">info@formotion.de<\/a><br \/>\nInternet: <a href=\"http:\/\/www.formotion.de\" target=\"_blank\" rel=\"noopener noreferrer\">www.formotion.de<\/a><\/p>\n<hr \/>\n","protected":false},"excerpt":{"rendered":"<p>Mentions l\u00e9gales SHS Strukturholding Saar GmbH Balthasar-Goldstein-Stra\u00dfe 31 66131 Sarrebruck Allemagne T\u00e9l.\u00a0: +49\u00a06893 \/\u00a09899 600<\/p>\n","protected":false},"author":2,"featured_media":0,"parent":0,"menu_order":202,"comment_status":"closed","ping_status":"closed","template":"","meta":{"_acf_changed":false,"footnotes":""},"class_list":["post-1149","page","type-page","status-publish","hentry"],"acf":[],"yoast_head":"<!-- This site is optimized with the Yoast SEO plugin v27.5 - https:\/\/yoast.com\/product\/yoast-seo-wordpress\/ -->\n<title>Mentions l\u00e9gales - Science Park Saar<\/title>\n<meta name=\"robots\" content=\"index, follow, max-snippet:-1, max-image-preview:large, max-video-preview:-1\" \/>\n<link rel=\"canonical\" href=\"https:\/\/www.science-park-saar.de\/fr\/impressum\/\" \/>\n<meta property=\"og:locale\" content=\"fr_FR\" \/>\n<meta property=\"og:type\" content=\"article\" \/>\n<meta property=\"og:title\" content=\"Mentions l\u00e9gales - Science Park Saar\" \/>\n<meta property=\"og:description\" content=\"Mentions l\u00e9gales SHS Strukturholding Saar GmbH Balthasar-Goldstein-Stra\u00dfe 31 66131 Sarrebruck Allemagne T\u00e9l.\u00a0: +49\u00a06893 \/\u00a09899 600\" \/>\n<meta property=\"og:url\" content=\"https:\/\/www.science-park-saar.de\/fr\/impressum\/\" \/>\n<meta property=\"og:site_name\" content=\"Science Park Saar\" \/>\n<meta property=\"article:modified_time\" content=\"2020-09-07T09:30:43+00:00\" \/>\n<meta name=\"twitter:card\" content=\"summary_large_image\" \/>\n<meta name=\"twitter:label1\" content=\"Dur\u00e9e de lecture estim\u00e9e\" \/>\n\t<meta name=\"twitter:data1\" content=\"1 minute\" \/>\n<script type=\"application\/ld+json\" class=\"yoast-schema-graph\">{\"@context\":\"https:\\\/\\\/schema.org\",\"@graph\":[{\"@type\":\"WebPage\",\"@id\":\"https:\\\/\\\/www.science-park-saar.de\\\/fr\\\/impressum\\\/\",\"url\":\"https:\\\/\\\/www.science-park-saar.de\\\/fr\\\/impressum\\\/\",\"name\":\"Mentions l\u00e9gales - Science Park Saar\",\"isPartOf\":{\"@id\":\"https:\\\/\\\/www.science-park-saar.de\\\/#website\"},\"datePublished\":\"2017-06-06T08:16:31+00:00\",\"dateModified\":\"2020-09-07T09:30:43+00:00\",\"breadcrumb\":{\"@id\":\"https:\\\/\\\/www.science-park-saar.de\\\/fr\\\/impressum\\\/#breadcrumb\"},\"inLanguage\":\"fr-FR\",\"potentialAction\":[{\"@type\":\"ReadAction\",\"target\":[\"https:\\\/\\\/www.science-park-saar.de\\\/fr\\\/impressum\\\/\"]}]},{\"@type\":\"BreadcrumbList\",\"@id\":\"https:\\\/\\\/www.science-park-saar.de\\\/fr\\\/impressum\\\/#breadcrumb\",\"itemListElement\":[{\"@type\":\"ListItem\",\"position\":1,\"name\":\"Startseite\",\"item\":\"https:\\\/\\\/www.science-park-saar.de\\\/fr\\\/\"},{\"@type\":\"ListItem\",\"position\":2,\"name\":\"Mentions l\u00e9gales\"}]},{\"@type\":\"WebSite\",\"@id\":\"https:\\\/\\\/www.science-park-saar.de\\\/#website\",\"url\":\"https:\\\/\\\/www.science-park-saar.de\\\/\",\"name\":\"Science Park Saar\",\"description\":\"\",\"potentialAction\":[{\"@type\":\"SearchAction\",\"target\":{\"@type\":\"EntryPoint\",\"urlTemplate\":\"https:\\\/\\\/www.science-park-saar.de\\\/?s={search_term_string}\"},\"query-input\":{\"@type\":\"PropertyValueSpecification\",\"valueRequired\":true,\"valueName\":\"search_term_string\"}}],\"inLanguage\":\"fr-FR\"}]}<\/script>\n<!-- \/ Yoast SEO plugin. -->","yoast_head_json":{"title":"Mentions l\u00e9gales - Science Park Saar","robots":{"index":"index","follow":"follow","max-snippet":"max-snippet:-1","max-image-preview":"max-image-preview:large","max-video-preview":"max-video-preview:-1"},"canonical":"https:\/\/www.science-park-saar.de\/fr\/impressum\/","og_locale":"fr_FR","og_type":"article","og_title":"Mentions l\u00e9gales - Science Park Saar","og_description":"Mentions l\u00e9gales SHS Strukturholding Saar GmbH Balthasar-Goldstein-Stra\u00dfe 31 66131 Sarrebruck Allemagne T\u00e9l.\u00a0: +49\u00a06893 \/\u00a09899 600","og_url":"https:\/\/www.science-park-saar.de\/fr\/impressum\/","og_site_name":"Science Park Saar","article_modified_time":"2020-09-07T09:30:43+00:00","twitter_card":"summary_large_image","twitter_misc":{"Dur\u00e9e de lecture estim\u00e9e":"1 minute"},"schema":{"@context":"https:\/\/schema.org","@graph":[{"@type":"WebPage","@id":"https:\/\/www.science-park-saar.de\/fr\/impressum\/","url":"https:\/\/www.science-park-saar.de\/fr\/impressum\/","name":"Mentions l\u00e9gales - Science Park Saar","isPartOf":{"@id":"https:\/\/www.science-park-saar.de\/#website"},"datePublished":"2017-06-06T08:16:31+00:00","dateModified":"2020-09-07T09:30:43+00:00","breadcrumb":{"@id":"https:\/\/www.science-park-saar.de\/fr\/impressum\/#breadcrumb"},"inLanguage":"fr-FR","potentialAction":[{"@type":"ReadAction","target":["https:\/\/www.science-park-saar.de\/fr\/impressum\/"]}]},{"@type":"BreadcrumbList","@id":"https:\/\/www.science-park-saar.de\/fr\/impressum\/#breadcrumb","itemListElement":[{"@type":"ListItem","position":1,"name":"Startseite","item":"https:\/\/www.science-park-saar.de\/fr\/"},{"@type":"ListItem","position":2,"name":"Mentions l\u00e9gales"}]},{"@type":"WebSite","@id":"https:\/\/www.science-park-saar.de\/#website","url":"https:\/\/www.science-park-saar.de\/","name":"Science Park Saar","description":"","potentialAction":[{"@type":"SearchAction","target":{"@type":"EntryPoint","urlTemplate":"https:\/\/www.science-park-saar.de\/?s={search_term_string}"},"query-input":{"@type":"PropertyValueSpecification","valueRequired":true,"valueName":"search_term_string"}}],"inLanguage":"fr-FR"}]}},"_links":{"self":[{"href":"https:\/\/www.science-park-saar.de\/fr\/wp-json\/wp\/v2\/pages\/1149","targetHints":{"allow":["GET"]}}],"collection":[{"href":"https:\/\/www.science-park-saar.de\/fr\/wp-json\/wp\/v2\/pages"}],"about":[{"href":"https:\/\/www.science-park-saar.de\/fr\/wp-json\/wp\/v2\/types\/page"}],"author":[{"embeddable":true,"href":"https:\/\/www.science-park-saar.de\/fr\/wp-json\/wp\/v2\/users\/2"}],"replies":[{"embeddable":true,"href":"https:\/\/www.science-park-saar.de\/fr\/wp-json\/wp\/v2\/comments?post=1149"}],"version-history":[{"count":10,"href":"https:\/\/www.science-park-saar.de\/fr\/wp-json\/wp\/v2\/pages\/1149\/revisions"}],"predecessor-version":[{"id":3077,"href":"https:\/\/www.science-park-saar.de\/fr\/wp-json\/wp\/v2\/pages\/1149\/revisions\/3077"}],"wp:attachment":[{"href":"https:\/\/www.science-park-saar.de\/fr\/wp-json\/wp\/v2\/media?parent=1149"}],"curies":[{"name":"wp","href":"https:\/\/api.w.org\/{rel}","templated":true}]}}