{"id":1147,"date":"2017-06-06T10:17:36","date_gmt":"2017-06-06T08:17:36","guid":{"rendered":"http:\/\/science-park-saar.strukturholding.de\/die-unternehmen\/"},"modified":"2020-09-07T11:30:28","modified_gmt":"2020-09-07T09:30:28","slug":"les-entreprises","status":"publish","type":"page","link":"https:\/\/www.science-park-saar.de\/fr\/les-entreprises\/","title":{"rendered":"Les entreprises"},"content":{"rendered":"<h1>Les entreprises du Science Park Saar<\/h1>\n<p>Le Science Park Saar offre aux entrepreneurs et aux jeunes entreprises orient\u00e9es vers la technologie un domaine de croissance id\u00e9al \u00e0 proximit\u00e9 directe de l\u2019universit\u00e9 de la Sarre. Une grande partie de ces entreprises sont issues du <em>Starterzentrum<\/em> (la p\u00e9pini\u00e8re d&rsquo;entreprises) de l\u2019universit\u00e9.<\/p>\n<p><strong>Le Science Park 1<\/strong> a ouvert ses portes au mois de juin 2000 et, sur une surface de 3 420 m\u00b2 au total, il propose des locaux \u00e0 de jeunes entreprises.<\/p>\n<p>Avec un programme de l\u2019utilisation de l\u2019espace tout aussi attrayant que bien con\u00e7u, <strong>le Science Park 2,<\/strong> inaugur\u00e9 officiellement en juin 2005, offre des locaux pour jusqu\u2019\u00e0 45 entreprises avec jusqu\u2019\u00e0 450 collaborateurs et collaboratrices.<\/p>\n<div class=\"overview add-hover clickable\" style=\"cursor: default;\">\n\n\t<div class=\"overview-img\">\n\t\t<img loading=\"lazy\" decoding=\"async\" width=\"480\" height=\"294\" src=\"https:\/\/www.science-park-saar.de\/wp-content\/uploads\/sites\/11\/2017\/06\/absint_logo-480x294.jpg\" class=\"attachment-news-thumb size-news-thumb wp-post-image\" alt=\"\" \/>\t<\/div>\n\n\t<div class=\"overview-text\">\n\t\t<div class=\"overview-text-height overview-centered\">\n\t\t\t<div class=\"overview-headline\"><a href=\"https:\/\/www.science-park-saar.de\/fr\/companies\/absint-gmbh\/\">AbsInt GmbH<\/a><\/div>\n\t\t<\/div>\n\t<\/div>\n\n\t<div class=\"clearfix\"><\/div>\n\n<\/div><div class=\"overview add-hover clickable\" style=\"cursor: default;\">\n\n\t<div class=\"overview-img\">\n\t\t<img loading=\"lazy\" decoding=\"async\" width=\"480\" height=\"294\" src=\"https:\/\/www.science-park-saar.de\/wp-content\/uploads\/sites\/11\/2017\/06\/age_explorer-480x294.jpg\" class=\"attachment-news-thumb size-news-thumb wp-post-image\" alt=\"\" \/>\t<\/div>\n\n\t<div class=\"overview-text\">\n\t\t<div class=\"overview-text-height overview-centered\">\n\t\t\t<div class=\"overview-headline\"><a href=\"https:\/\/www.science-park-saar.de\/fr\/companies\/age-explorer-institut-meyer-hentschel\/\">Age Explorer \/ institut Meyer-Hentschel<\/a><\/div>\n\t\t<\/div>\n\t<\/div>\n\n\t<div class=\"clearfix\"><\/div>\n\n<\/div><div class=\"overview add-hover clickable\" style=\"cursor: default;\">\n\n\t<div class=\"overview-img\">\n\t\t<img loading=\"lazy\" decoding=\"async\" width=\"480\" height=\"294\" src=\"https:\/\/www.science-park-saar.de\/wp-content\/uploads\/sites\/11\/2017\/06\/alpha_gemini-480x294.jpg\" class=\"attachment-news-thumb size-news-thumb wp-post-image\" alt=\"\" \/>\t<\/div>\n\n\t<div class=\"overview-text\">\n\t\t<div class=\"overview-text-height overview-centered\">\n\t\t\t<div class=\"overview-headline\"><a href=\"https:\/\/www.science-park-saar.de\/fr\/companies\/alpha-gemini\/\">alpha gemini<\/a><\/div>\n\t\t<\/div>\n\t<\/div>\n\n\t<div class=\"clearfix\"><\/div>\n\n<\/div><div class=\"overview add-hover clickable\" style=\"cursor: default;\">\n\n\t<div class=\"overview-img\">\n\t\t<img loading=\"lazy\" decoding=\"async\" width=\"480\" height=\"294\" src=\"https:\/\/www.science-park-saar.de\/wp-content\/uploads\/sites\/11\/2017\/06\/analytik_wannemacher-480x294.jpg\" class=\"attachment-news-thumb size-news-thumb wp-post-image\" alt=\"\" \/>\t<\/div>\n\n\t<div class=\"overview-text\">\n\t\t<div class=\"overview-text-height overview-centered\">\n\t\t\t<div class=\"overview-headline\"><a href=\"https:\/\/www.science-park-saar.de\/fr\/companies\/analytik-wannemacher-gdbr\/\">Analytik Wannemacher GdbR<\/a><\/div>\n\t\t<\/div>\n\t<\/div>\n\n\t<div class=\"clearfix\"><\/div>\n\n<\/div><div class=\"overview add-hover clickable\" style=\"cursor: default;\">\n\n\t<div class=\"overview-img\">\n\t\t<img loading=\"lazy\" decoding=\"async\" width=\"480\" height=\"294\" src=\"https:\/\/www.science-park-saar.de\/wp-content\/uploads\/sites\/11\/2017\/06\/atmedia-480x294.jpg\" class=\"attachment-news-thumb size-news-thumb wp-post-image\" alt=\"\" \/>\t<\/div>\n\n\t<div class=\"overview-text\">\n\t\t<div class=\"overview-text-height overview-centered\">\n\t\t\t<div class=\"overview-headline\"><a href=\"https:\/\/www.science-park-saar.de\/fr\/companies\/atmedia-gmbh\/\">atmedia GmbH<\/a><\/div>\n\t\t<\/div>\n\t<\/div>\n\n\t<div class=\"clearfix\"><\/div>\n\n<\/div><div class=\"overview add-hover clickable\" style=\"cursor: default;\">\n\n\t<div class=\"overview-img\">\n\t\t<img loading=\"lazy\" decoding=\"async\" width=\"1\" height=\"1\" src=\"https:\/\/www.science-park-saar.de\/wp-content\/uploads\/sites\/11\/2017\/06\/a9s-Logo-Horizontal-Full-Color-on-White.svg\" class=\"attachment-news-thumb size-news-thumb wp-post-image\" alt=\"\" \/>\t<\/div>\n\n\t<div class=\"overview-text\">\n\t\t<div class=\"overview-text-height overview-centered\">\n\t\t\t<div class=\"overview-headline\"><a href=\"https:\/\/www.science-park-saar.de\/fr\/companies\/avarteq-gmbh\/\">Avarteq GmbH<\/a><\/div>\n\t\t<\/div>\n\t<\/div>\n\n\t<div class=\"clearfix\"><\/div>\n\n<\/div><div class=\"overview add-hover clickable\" style=\"cursor: default;\">\n\n\t<div class=\"overview-img\">\n\t\t<img loading=\"lazy\" decoding=\"async\" width=\"480\" height=\"294\" src=\"https:\/\/www.science-park-saar.de\/wp-content\/uploads\/sites\/11\/2017\/06\/bacto-480x294.jpg\" class=\"attachment-news-thumb size-news-thumb wp-post-image\" alt=\"\" \/>\t<\/div>\n\n\t<div class=\"overview-text\">\n\t\t<div class=\"overview-text-height overview-centered\">\n\t\t\t<div class=\"overview-headline\"><a href=\"https:\/\/www.science-park-saar.de\/fr\/companies\/bacto-control\/\">Bacto Control<\/a><\/div>\n\t\t<\/div>\n\t<\/div>\n\n\t<div class=\"clearfix\"><\/div>\n\n<\/div><div class=\"overview add-hover clickable\" style=\"cursor: default;\">\n\n\t<div class=\"overview-img\">\n\t\t<img loading=\"lazy\" decoding=\"async\" width=\"480\" height=\"294\" src=\"https:\/\/www.science-park-saar.de\/wp-content\/uploads\/sites\/11\/2017\/06\/bionmed-480x294.jpg\" class=\"attachment-news-thumb size-news-thumb wp-post-image\" alt=\"\" \/>\t<\/div>\n\n\t<div class=\"overview-text\">\n\t\t<div class=\"overview-text-height overview-centered\">\n\t\t\t<div class=\"overview-headline\"><a href=\"https:\/\/www.science-park-saar.de\/fr\/companies\/bionmed-technologies-gmbh\/\">Bionmed Technologies GmbH<\/a><\/div>\n\t\t<\/div>\n\t<\/div>\n\n\t<div class=\"clearfix\"><\/div>\n\n<\/div><div class=\"overview add-hover clickable\" style=\"cursor: default;\">\n\n\t<div class=\"overview-img\">\n\t\t<img loading=\"lazy\" decoding=\"async\" width=\"480\" height=\"294\" src=\"https:\/\/www.science-park-saar.de\/wp-content\/uploads\/sites\/11\/2017\/06\/cc-NanoBioNet-480x294.jpg\" class=\"attachment-news-thumb size-news-thumb wp-post-image\" alt=\"\" \/>\t<\/div>\n\n\t<div class=\"overview-text\">\n\t\t<div class=\"overview-text-height overview-centered\">\n\t\t\t<div class=\"overview-headline\"><a href=\"https:\/\/www.science-park-saar.de\/fr\/companies\/cc-nanobionet-e-v\/\">cc-NanoBioNet e.V.<\/a><\/div>\n\t\t<\/div>\n\t<\/div>\n\n\t<div class=\"clearfix\"><\/div>\n\n<\/div><div class=\"overview add-hover clickable\" style=\"cursor: default;\">\n\n\t<div class=\"overview-img\">\n\t\t<img loading=\"lazy\" decoding=\"async\" width=\"480\" height=\"294\" src=\"https:\/\/www.science-park-saar.de\/wp-content\/uploads\/sites\/11\/2017\/06\/CentigradeLogo-480x294.jpg\" class=\"attachment-news-thumb size-news-thumb wp-post-image\" alt=\"\" \/>\t<\/div>\n\n\t<div class=\"overview-text\">\n\t\t<div class=\"overview-text-height overview-centered\">\n\t\t\t<div class=\"overview-headline\"><a href=\"https:\/\/www.science-park-saar.de\/fr\/companies\/centigrade-gmbh\/\">Centigrade GmbH<\/a><\/div>\n\t\t<\/div>\n\t<\/div>\n\n\t<div class=\"clearfix\"><\/div>\n\n<\/div><div class=\"overview add-hover clickable\" style=\"cursor: default;\">\n\n\t<div class=\"overview-img\">\n\t\t<img loading=\"lazy\" decoding=\"async\" width=\"480\" height=\"294\" src=\"https:\/\/www.science-park-saar.de\/wp-content\/uploads\/sites\/11\/2017\/06\/dr-maier-480x294.jpg\" class=\"attachment-news-thumb size-news-thumb wp-post-image\" alt=\"\" \/>\t<\/div>\n\n\t<div class=\"overview-text\">\n\t\t<div class=\"overview-text-height overview-centered\">\n\t\t\t<div class=\"overview-headline\"><a href=\"https:\/\/www.science-park-saar.de\/fr\/companies\/dr-friedbert-maier-steuerberatungsgesellschaft-mbh\/\">Dr. Friedbert Maier Steuerberatungsgesellschaft mbH<\/a><\/div>\n\t\t<\/div>\n\t<\/div>\n\n\t<div class=\"clearfix\"><\/div>\n\n<\/div><div class=\"overview add-hover clickable\" style=\"cursor: default;\">\n\n\t<div class=\"overview-img\">\n\t\t<img loading=\"lazy\" decoding=\"async\" width=\"480\" height=\"294\" src=\"https:\/\/www.science-park-saar.de\/wp-content\/uploads\/sites\/11\/2017\/06\/endotherm-480x294.jpg\" class=\"attachment-news-thumb size-news-thumb wp-post-image\" alt=\"\" \/>\t<\/div>\n\n\t<div class=\"overview-text\">\n\t\t<div class=\"overview-text-height overview-centered\">\n\t\t\t<div class=\"overview-headline\"><a href=\"https:\/\/www.science-park-saar.de\/fr\/companies\/endotherm-gmbh\/\">Endotherm GmbH<\/a><\/div>\n\t\t<\/div>\n\t<\/div>\n\n\t<div class=\"clearfix\"><\/div>\n\n<\/div><div class=\"overview add-hover clickable\" style=\"cursor: default;\">\n\n\t<div class=\"overview-img\">\n\t\t<img loading=\"lazy\" decoding=\"async\" width=\"480\" height=\"294\" src=\"https:\/\/www.science-park-saar.de\/wp-content\/uploads\/sites\/11\/2017\/06\/eyeled-480x294.jpg\" class=\"attachment-news-thumb size-news-thumb wp-post-image\" alt=\"\" \/>\t<\/div>\n\n\t<div class=\"overview-text\">\n\t\t<div class=\"overview-text-height overview-centered\">\n\t\t\t<div class=\"overview-headline\"><a href=\"https:\/\/www.science-park-saar.de\/fr\/companies\/eyeled-gmbh\/\">Eyeled GmbH<\/a><\/div>\n\t\t<\/div>\n\t<\/div>\n\n\t<div class=\"clearfix\"><\/div>\n\n<\/div><div class=\"overview add-hover clickable\" style=\"cursor: default;\">\n\n\t<div class=\"overview-img\">\n\t\t<img loading=\"lazy\" decoding=\"async\" width=\"480\" height=\"294\" src=\"https:\/\/www.science-park-saar.de\/wp-content\/uploads\/sites\/11\/2017\/06\/kanzlei_michael_anton-480x294.jpg\" class=\"attachment-news-thumb size-news-thumb wp-post-image\" alt=\"\" \/>\t<\/div>\n\n\t<div class=\"overview-text\">\n\t\t<div class=\"overview-text-height overview-centered\">\n\t\t\t<div class=\"overview-headline\"><a href=\"https:\/\/www.science-park-saar.de\/fr\/companies\/kanzlei-fuer-wirtschafts-und-vermoegensrecht-rechtsanwalt-dr-michael-anton\/\">Kanzlei f\u00fcr Wirtschafts- und Verm\u00f6gensrecht, Rechtsanwalt Dr. Michael Anton<\/a><\/div>\n\t\t<\/div>\n\t<\/div>\n\n\t<div class=\"clearfix\"><\/div>\n\n<\/div><div class=\"overview add-hover clickable\" style=\"cursor: default;\">\n\n\t<div class=\"overview-img\">\n\t\t<img loading=\"lazy\" decoding=\"async\" width=\"480\" height=\"294\" src=\"https:\/\/www.science-park-saar.de\/wp-content\/uploads\/sites\/11\/2017\/06\/neo4j-logo-480x294.jpg\" class=\"attachment-news-thumb size-news-thumb wp-post-image\" alt=\"\" \/>\t<\/div>\n\n\t<div class=\"overview-text\">\n\t\t<div class=\"overview-text-height overview-centered\">\n\t\t\t<div class=\"overview-headline\"><a href=\"https:\/\/www.science-park-saar.de\/fr\/companies\/neotechnology\/\">Neotechnology<\/a><\/div>\n\t\t<\/div>\n\t<\/div>\n\n\t<div class=\"clearfix\"><\/div>\n\n<\/div><div class=\"overview add-hover clickable\" style=\"cursor: default;\">\n\n\t<div class=\"overview-img\">\n\t\t<img loading=\"lazy\" decoding=\"async\" width=\"480\" height=\"294\" src=\"https:\/\/www.science-park-saar.de\/wp-content\/uploads\/sites\/11\/2017\/06\/oriented_solutions-480x294.jpg\" class=\"attachment-news-thumb size-news-thumb wp-post-image\" alt=\"\" \/>\t<\/div>\n\n\t<div class=\"overview-text\">\n\t\t<div class=\"overview-text-height overview-centered\">\n\t\t\t<div class=\"overview-headline\"><a href=\"https:\/\/www.science-park-saar.de\/fr\/companies\/oriented-solutions-gmbh\/\">Oriented Solutions GmbH<\/a><\/div>\n\t\t<\/div>\n\t<\/div>\n\n\t<div class=\"clearfix\"><\/div>\n\n<\/div><div class=\"overview add-hover clickable\" style=\"cursor: default;\">\n\n\t<div class=\"overview-img\">\n\t\t<img loading=\"lazy\" decoding=\"async\" width=\"480\" height=\"294\" src=\"https:\/\/www.science-park-saar.de\/wp-content\/uploads\/sites\/11\/2017\/06\/Pharmacelsus_Logo_MemberOfGBAGroupPharma.jpg-480x294-1617255430.png\" class=\"attachment-news-thumb size-news-thumb wp-post-image\" alt=\"\" \/>\t<\/div>\n\n\t<div class=\"overview-text\">\n\t\t<div class=\"overview-text-height overview-centered\">\n\t\t\t<div class=\"overview-headline\"><a href=\"https:\/\/www.science-park-saar.de\/fr\/companies\/pharmacelsus-gmbh\/\">Pharmacelsus GmbH<\/a><\/div>\n\t\t<\/div>\n\t<\/div>\n\n\t<div class=\"clearfix\"><\/div>\n\n<\/div><div class=\"overview add-hover clickable\" style=\"cursor: default;\">\n\n\t<div class=\"overview-img\">\n\t\t<img loading=\"lazy\" decoding=\"async\" width=\"480\" height=\"294\" src=\"https:\/\/www.science-park-saar.de\/wp-content\/uploads\/sites\/11\/2017\/06\/pharmbiotec-480x294.jpg\" class=\"attachment-news-thumb size-news-thumb wp-post-image\" alt=\"\" \/>\t<\/div>\n\n\t<div class=\"overview-text\">\n\t\t<div class=\"overview-text-height overview-centered\">\n\t\t\t<div class=\"overview-headline\"><a href=\"https:\/\/www.science-park-saar.de\/fr\/companies\/pharmbiotec-gmbh\/\">PharmBioTec GmbH<\/a><\/div>\n\t\t<\/div>\n\t<\/div>\n\n\t<div class=\"clearfix\"><\/div>\n\n<\/div><div class=\"overview add-hover clickable\" style=\"cursor: default;\">\n\n\t<div class=\"overview-img\">\n\t\t<img loading=\"lazy\" decoding=\"async\" width=\"480\" height=\"294\" src=\"https:\/\/www.science-park-saar.de\/wp-content\/uploads\/sites\/11\/2017\/06\/sectago-480x294.jpg\" class=\"attachment-news-thumb size-news-thumb wp-post-image\" alt=\"\" \/>\t<\/div>\n\n\t<div class=\"overview-text\">\n\t\t<div class=\"overview-text-height overview-centered\">\n\t\t\t<div class=\"overview-headline\"><a href=\"https:\/\/www.science-park-saar.de\/fr\/companies\/sectago-gmbh\/\">SECTAGO GmbH<\/a><\/div>\n\t\t<\/div>\n\t<\/div>\n\n\t<div class=\"clearfix\"><\/div>\n\n<\/div><div class=\"overview add-hover clickable\" style=\"cursor: default;\">\n\n\t<div class=\"overview-img\">\n\t\t<img loading=\"lazy\" decoding=\"async\" width=\"480\" height=\"294\" src=\"https:\/\/www.science-park-saar.de\/wp-content\/uploads\/sites\/11\/2017\/06\/andrea_mueller-480x294.jpg\" class=\"attachment-news-thumb size-news-thumb wp-post-image\" alt=\"\" \/>\t<\/div>\n\n\t<div class=\"overview-text\">\n\t\t<div class=\"overview-text-height overview-centered\">\n\t\t\t<div class=\"overview-headline\"><a href=\"https:\/\/www.science-park-saar.de\/fr\/companies\/servicekontor-andrea-mueller\/\">ServiceKontor Andrea M\u00fcller<\/a><\/div>\n\t\t<\/div>\n\t<\/div>\n\n\t<div class=\"clearfix\"><\/div>\n\n<\/div><div class=\"overview add-hover clickable\" style=\"cursor: default;\">\n\n\t<div class=\"overview-img\">\n\t\t<img loading=\"lazy\" decoding=\"async\" width=\"480\" height=\"294\" src=\"https:\/\/www.science-park-saar.de\/wp-content\/uploads\/sites\/11\/2017\/06\/toroma_organics-480x294.jpg\" class=\"attachment-news-thumb size-news-thumb wp-post-image\" alt=\"\" \/>\t<\/div>\n\n\t<div class=\"overview-text\">\n\t\t<div class=\"overview-text-height overview-centered\">\n\t\t\t<div class=\"overview-headline\"><a href=\"https:\/\/www.science-park-saar.de\/fr\/companies\/toroma-organics\/\">toroma organics<\/a><\/div>\n\t\t<\/div>\n\t<\/div>\n\n\t<div class=\"clearfix\"><\/div>\n\n<\/div><div class=\"overview add-hover clickable\" style=\"cursor: default;\">\n\n\t<div class=\"overview-img\">\n\t\t<img loading=\"lazy\" decoding=\"async\" width=\"480\" height=\"294\" src=\"https:\/\/www.science-park-saar.de\/wp-content\/uploads\/sites\/11\/2017\/06\/viking-480x294.jpg\" class=\"attachment-news-thumb size-news-thumb wp-post-image\" alt=\"\" \/>\t<\/div>\n\n\t<div class=\"overview-text\">\n\t\t<div class=\"overview-text-height overview-centered\">\n\t\t\t<div class=\"overview-headline\"><a href=\"https:\/\/www.science-park-saar.de\/fr\/companies\/viking-advanced-materials-gmbh\/\">Viking Advanced Materials GmbH<\/a><\/div>\n\t\t<\/div>\n\t<\/div>\n\n\t<div class=\"clearfix\"><\/div>\n\n<\/div>\n","protected":false},"excerpt":{"rendered":"<p>Les entreprises du Science Park Saar Le Science Park Saar offre aux entrepreneurs et aux<\/p>\n","protected":false},"author":2,"featured_media":0,"parent":0,"menu_order":2,"comment_status":"closed","ping_status":"closed","template":"","meta":{"_acf_changed":false,"footnotes":""},"class_list":["post-1147","page","type-page","status-publish","hentry"],"acf":[],"yoast_head":"<!-- This site is optimized with the Yoast SEO plugin v27.4 - https:\/\/yoast.com\/product\/yoast-seo-wordpress\/ -->\n<title>Les entreprises - Science Park Saar<\/title>\n<meta name=\"robots\" content=\"index, follow, max-snippet:-1, max-image-preview:large, max-video-preview:-1\" \/>\n<link rel=\"canonical\" href=\"https:\/\/www.science-park-saar.de\/fr\/les-entreprises\/\" \/>\n<meta property=\"og:locale\" content=\"fr_FR\" \/>\n<meta property=\"og:type\" content=\"article\" \/>\n<meta property=\"og:title\" content=\"Les entreprises - Science Park Saar\" \/>\n<meta property=\"og:description\" content=\"Les entreprises du Science Park Saar Le Science Park Saar offre aux entrepreneurs et aux\" \/>\n<meta property=\"og:url\" content=\"https:\/\/www.science-park-saar.de\/fr\/les-entreprises\/\" \/>\n<meta property=\"og:site_name\" content=\"Science Park Saar\" \/>\n<meta property=\"article:modified_time\" content=\"2020-09-07T09:30:28+00:00\" \/>\n<meta name=\"twitter:card\" content=\"summary_large_image\" \/>\n<meta name=\"twitter:label1\" content=\"Dur\u00e9e de lecture estim\u00e9e\" \/>\n\t<meta name=\"twitter:data1\" content=\"1 minute\" \/>\n<script type=\"application\/ld+json\" class=\"yoast-schema-graph\">{\"@context\":\"https:\\\/\\\/schema.org\",\"@graph\":[{\"@type\":\"WebPage\",\"@id\":\"https:\\\/\\\/www.science-park-saar.de\\\/fr\\\/les-entreprises\\\/\",\"url\":\"https:\\\/\\\/www.science-park-saar.de\\\/fr\\\/les-entreprises\\\/\",\"name\":\"Les entreprises - Science Park Saar\",\"isPartOf\":{\"@id\":\"https:\\\/\\\/www.science-park-saar.de\\\/#website\"},\"datePublished\":\"2017-06-06T08:17:36+00:00\",\"dateModified\":\"2020-09-07T09:30:28+00:00\",\"breadcrumb\":{\"@id\":\"https:\\\/\\\/www.science-park-saar.de\\\/fr\\\/les-entreprises\\\/#breadcrumb\"},\"inLanguage\":\"fr-FR\",\"potentialAction\":[{\"@type\":\"ReadAction\",\"target\":[\"https:\\\/\\\/www.science-park-saar.de\\\/fr\\\/les-entreprises\\\/\"]}]},{\"@type\":\"BreadcrumbList\",\"@id\":\"https:\\\/\\\/www.science-park-saar.de\\\/fr\\\/les-entreprises\\\/#breadcrumb\",\"itemListElement\":[{\"@type\":\"ListItem\",\"position\":1,\"name\":\"Startseite\",\"item\":\"https:\\\/\\\/www.science-park-saar.de\\\/fr\\\/\"},{\"@type\":\"ListItem\",\"position\":2,\"name\":\"Les entreprises\"}]},{\"@type\":\"WebSite\",\"@id\":\"https:\\\/\\\/www.science-park-saar.de\\\/#website\",\"url\":\"https:\\\/\\\/www.science-park-saar.de\\\/\",\"name\":\"Science Park Saar\",\"description\":\"\",\"potentialAction\":[{\"@type\":\"SearchAction\",\"target\":{\"@type\":\"EntryPoint\",\"urlTemplate\":\"https:\\\/\\\/www.science-park-saar.de\\\/?s={search_term_string}\"},\"query-input\":{\"@type\":\"PropertyValueSpecification\",\"valueRequired\":true,\"valueName\":\"search_term_string\"}}],\"inLanguage\":\"fr-FR\"}]}<\/script>\n<!-- \/ Yoast SEO plugin. -->","yoast_head_json":{"title":"Les entreprises - Science Park Saar","robots":{"index":"index","follow":"follow","max-snippet":"max-snippet:-1","max-image-preview":"max-image-preview:large","max-video-preview":"max-video-preview:-1"},"canonical":"https:\/\/www.science-park-saar.de\/fr\/les-entreprises\/","og_locale":"fr_FR","og_type":"article","og_title":"Les entreprises - Science Park Saar","og_description":"Les entreprises du Science Park Saar Le Science Park Saar offre aux entrepreneurs et aux","og_url":"https:\/\/www.science-park-saar.de\/fr\/les-entreprises\/","og_site_name":"Science Park Saar","article_modified_time":"2020-09-07T09:30:28+00:00","twitter_card":"summary_large_image","twitter_misc":{"Dur\u00e9e de lecture estim\u00e9e":"1 minute"},"schema":{"@context":"https:\/\/schema.org","@graph":[{"@type":"WebPage","@id":"https:\/\/www.science-park-saar.de\/fr\/les-entreprises\/","url":"https:\/\/www.science-park-saar.de\/fr\/les-entreprises\/","name":"Les entreprises - Science Park Saar","isPartOf":{"@id":"https:\/\/www.science-park-saar.de\/#website"},"datePublished":"2017-06-06T08:17:36+00:00","dateModified":"2020-09-07T09:30:28+00:00","breadcrumb":{"@id":"https:\/\/www.science-park-saar.de\/fr\/les-entreprises\/#breadcrumb"},"inLanguage":"fr-FR","potentialAction":[{"@type":"ReadAction","target":["https:\/\/www.science-park-saar.de\/fr\/les-entreprises\/"]}]},{"@type":"BreadcrumbList","@id":"https:\/\/www.science-park-saar.de\/fr\/les-entreprises\/#breadcrumb","itemListElement":[{"@type":"ListItem","position":1,"name":"Startseite","item":"https:\/\/www.science-park-saar.de\/fr\/"},{"@type":"ListItem","position":2,"name":"Les entreprises"}]},{"@type":"WebSite","@id":"https:\/\/www.science-park-saar.de\/#website","url":"https:\/\/www.science-park-saar.de\/","name":"Science Park Saar","description":"","potentialAction":[{"@type":"SearchAction","target":{"@type":"EntryPoint","urlTemplate":"https:\/\/www.science-park-saar.de\/?s={search_term_string}"},"query-input":{"@type":"PropertyValueSpecification","valueRequired":true,"valueName":"search_term_string"}}],"inLanguage":"fr-FR"}]}},"_links":{"self":[{"href":"https:\/\/www.science-park-saar.de\/fr\/wp-json\/wp\/v2\/pages\/1147","targetHints":{"allow":["GET"]}}],"collection":[{"href":"https:\/\/www.science-park-saar.de\/fr\/wp-json\/wp\/v2\/pages"}],"about":[{"href":"https:\/\/www.science-park-saar.de\/fr\/wp-json\/wp\/v2\/types\/page"}],"author":[{"embeddable":true,"href":"https:\/\/www.science-park-saar.de\/fr\/wp-json\/wp\/v2\/users\/2"}],"replies":[{"embeddable":true,"href":"https:\/\/www.science-park-saar.de\/fr\/wp-json\/wp\/v2\/comments?post=1147"}],"version-history":[{"count":3,"href":"https:\/\/www.science-park-saar.de\/fr\/wp-json\/wp\/v2\/pages\/1147\/revisions"}],"predecessor-version":[{"id":3076,"href":"https:\/\/www.science-park-saar.de\/fr\/wp-json\/wp\/v2\/pages\/1147\/revisions\/3076"}],"wp:attachment":[{"href":"https:\/\/www.science-park-saar.de\/fr\/wp-json\/wp\/v2\/media?parent=1147"}],"curies":[{"name":"wp","href":"https:\/\/api.w.org\/{rel}","templated":true}]}}