{"id":1119,"date":"2017-06-09T11:12:19","date_gmt":"2017-06-09T09:12:19","guid":{"rendered":"http:\/\/science-park-saar.strukturholding.de\/le-science-park\/sog-saarland-offensive-fuer-gruender\/"},"modified":"2017-07-03T09:53:18","modified_gmt":"2017-07-03T07:53:18","slug":"sog-saarland-offensive-fuer-gruender","status":"publish","type":"page","link":"https:\/\/www.science-park-saar.de\/fr\/le-science-park\/sog-saarland-offensive-fuer-gruender\/","title":{"rendered":"SOG Saarland Offensive f\u00fcr Gr\u00fcnder"},"content":{"rendered":"<h1>Accompagner sur la voie de l\u2019ind\u00e9pendance.<\/h1>\n<p>L\u2019Action de la Sarre pour les cr\u00e9ateurs d\u2019entreprise (Saarland Offensive f\u00fcr Gr\u00fcnder- SOG) est un r\u00e9seau r\u00e9gional auquel appartiennent toutes les forces actives dans l\u2019assistance des cr\u00e9ateurs d\u2019entreprise de la Sarre. Outre le minist\u00e8re de l&rsquo;\u00e9conomie, en font \u00e9galement partie entre autres les \u00e9coles sup\u00e9rieures, l\u2019IHK Saarland, la Chambre des m\u00e9tiers, la Banque sarroise de cr\u00e9dit \u00e0 l&rsquo;investissement (Saarl\u00e4ndische Investitionskreditbank) ainsi que les services r\u00e9gionaux de promotion \u00e9conomique.<\/p>\n<p>Afin de fournir aux futurs cr\u00e9ateurs d\u2019entreprise des informations de premi\u00e8re main, le r\u00e9seau de la SOG propose un grand nombre de manifestations, de s\u00e9minaires et de conseils personnalis\u00e9s. <\/p>\n<p>L\u2019Action de la Sarre pour les cr\u00e9ateurs d&rsquo;entreprise veut vaincre les blocages et motiver le lancement \u00e0 son propre compte. Elle donne des orientations lorsqu\u2019il s\u2019agit de surmonter des d\u00e9fis comme la cr\u00e9ation d\u2019un plan d\u2019entreprise ou d\u2019un plan de financement. <\/p>\n<p>Ce qui est nouveau, ce sont les coworking spaces. Il s\u2019agit de bureaux qui peuvent \u00eatre lou\u00e9s et utilis\u00e9s en commun.<\/p>\n<p><a href=\"http:\/\/www.gruenden.saarland.de\" target=\"_blank\">>> pour en savoir plus, consulter www.gruenden.saarland.de<\/a><\/p>\n","protected":false},"excerpt":{"rendered":"<p>Accompagner sur la voie de l\u2019ind\u00e9pendance. L\u2019Action de la Sarre pour les cr\u00e9ateurs d\u2019entreprise (Saarland<\/p>\n","protected":false},"author":2,"featured_media":0,"parent":1069,"menu_order":0,"comment_status":"closed","ping_status":"closed","template":"","meta":{"_acf_changed":false,"footnotes":""},"class_list":["post-1119","page","type-page","status-publish","hentry"],"acf":[],"yoast_head":"<!-- This site is optimized with the Yoast SEO plugin v27.4 - https:\/\/yoast.com\/product\/yoast-seo-wordpress\/ -->\n<title>SOG Saarland Offensive f\u00fcr Gr\u00fcnder - Science Park Saar<\/title>\n<meta name=\"robots\" content=\"index, follow, max-snippet:-1, max-image-preview:large, max-video-preview:-1\" \/>\n<link rel=\"canonical\" href=\"https:\/\/www.science-park-saar.de\/fr\/le-science-park\/sog-saarland-offensive-fuer-gruender\/\" \/>\n<meta property=\"og:locale\" content=\"fr_FR\" \/>\n<meta property=\"og:type\" content=\"article\" \/>\n<meta property=\"og:title\" content=\"SOG Saarland Offensive f\u00fcr Gr\u00fcnder - Science Park Saar\" \/>\n<meta property=\"og:description\" content=\"Accompagner sur la voie de l\u2019ind\u00e9pendance. L\u2019Action de la Sarre pour les cr\u00e9ateurs d\u2019entreprise (Saarland\" \/>\n<meta property=\"og:url\" content=\"https:\/\/www.science-park-saar.de\/fr\/le-science-park\/sog-saarland-offensive-fuer-gruender\/\" \/>\n<meta property=\"og:site_name\" content=\"Science Park Saar\" \/>\n<meta property=\"article:modified_time\" content=\"2017-07-03T07:53:18+00:00\" \/>\n<meta name=\"twitter:card\" content=\"summary_large_image\" \/>\n<meta name=\"twitter:label1\" content=\"Dur\u00e9e de lecture estim\u00e9e\" \/>\n\t<meta name=\"twitter:data1\" content=\"1 minute\" \/>\n<script type=\"application\/ld+json\" class=\"yoast-schema-graph\">{\"@context\":\"https:\\\/\\\/schema.org\",\"@graph\":[{\"@type\":\"WebPage\",\"@id\":\"https:\\\/\\\/www.science-park-saar.de\\\/fr\\\/le-science-park\\\/sog-saarland-offensive-fuer-gruender\\\/\",\"url\":\"https:\\\/\\\/www.science-park-saar.de\\\/fr\\\/le-science-park\\\/sog-saarland-offensive-fuer-gruender\\\/\",\"name\":\"SOG Saarland Offensive f\u00fcr Gr\u00fcnder - Science Park Saar\",\"isPartOf\":{\"@id\":\"https:\\\/\\\/www.science-park-saar.de\\\/#website\"},\"datePublished\":\"2017-06-09T09:12:19+00:00\",\"dateModified\":\"2017-07-03T07:53:18+00:00\",\"breadcrumb\":{\"@id\":\"https:\\\/\\\/www.science-park-saar.de\\\/fr\\\/le-science-park\\\/sog-saarland-offensive-fuer-gruender\\\/#breadcrumb\"},\"inLanguage\":\"fr-FR\",\"potentialAction\":[{\"@type\":\"ReadAction\",\"target\":[\"https:\\\/\\\/www.science-park-saar.de\\\/fr\\\/le-science-park\\\/sog-saarland-offensive-fuer-gruender\\\/\"]}]},{\"@type\":\"BreadcrumbList\",\"@id\":\"https:\\\/\\\/www.science-park-saar.de\\\/fr\\\/le-science-park\\\/sog-saarland-offensive-fuer-gruender\\\/#breadcrumb\",\"itemListElement\":[{\"@type\":\"ListItem\",\"position\":1,\"name\":\"Startseite\",\"item\":\"https:\\\/\\\/www.science-park-saar.de\\\/fr\\\/\"},{\"@type\":\"ListItem\",\"position\":2,\"name\":\"Le Science Park\",\"item\":\"https:\\\/\\\/www.science-park-saar.de\\\/fr\\\/le-science-park\\\/\"},{\"@type\":\"ListItem\",\"position\":3,\"name\":\"SOG Saarland Offensive f\u00fcr Gr\u00fcnder\"}]},{\"@type\":\"WebSite\",\"@id\":\"https:\\\/\\\/www.science-park-saar.de\\\/#website\",\"url\":\"https:\\\/\\\/www.science-park-saar.de\\\/\",\"name\":\"Science Park Saar\",\"description\":\"\",\"potentialAction\":[{\"@type\":\"SearchAction\",\"target\":{\"@type\":\"EntryPoint\",\"urlTemplate\":\"https:\\\/\\\/www.science-park-saar.de\\\/?s={search_term_string}\"},\"query-input\":{\"@type\":\"PropertyValueSpecification\",\"valueRequired\":true,\"valueName\":\"search_term_string\"}}],\"inLanguage\":\"fr-FR\"}]}<\/script>\n<!-- \/ Yoast SEO plugin. -->","yoast_head_json":{"title":"SOG Saarland Offensive f\u00fcr Gr\u00fcnder - Science Park Saar","robots":{"index":"index","follow":"follow","max-snippet":"max-snippet:-1","max-image-preview":"max-image-preview:large","max-video-preview":"max-video-preview:-1"},"canonical":"https:\/\/www.science-park-saar.de\/fr\/le-science-park\/sog-saarland-offensive-fuer-gruender\/","og_locale":"fr_FR","og_type":"article","og_title":"SOG Saarland Offensive f\u00fcr Gr\u00fcnder - Science Park Saar","og_description":"Accompagner sur la voie de l\u2019ind\u00e9pendance. L\u2019Action de la Sarre pour les cr\u00e9ateurs d\u2019entreprise (Saarland","og_url":"https:\/\/www.science-park-saar.de\/fr\/le-science-park\/sog-saarland-offensive-fuer-gruender\/","og_site_name":"Science Park Saar","article_modified_time":"2017-07-03T07:53:18+00:00","twitter_card":"summary_large_image","twitter_misc":{"Dur\u00e9e de lecture estim\u00e9e":"1 minute"},"schema":{"@context":"https:\/\/schema.org","@graph":[{"@type":"WebPage","@id":"https:\/\/www.science-park-saar.de\/fr\/le-science-park\/sog-saarland-offensive-fuer-gruender\/","url":"https:\/\/www.science-park-saar.de\/fr\/le-science-park\/sog-saarland-offensive-fuer-gruender\/","name":"SOG Saarland Offensive f\u00fcr Gr\u00fcnder - Science Park Saar","isPartOf":{"@id":"https:\/\/www.science-park-saar.de\/#website"},"datePublished":"2017-06-09T09:12:19+00:00","dateModified":"2017-07-03T07:53:18+00:00","breadcrumb":{"@id":"https:\/\/www.science-park-saar.de\/fr\/le-science-park\/sog-saarland-offensive-fuer-gruender\/#breadcrumb"},"inLanguage":"fr-FR","potentialAction":[{"@type":"ReadAction","target":["https:\/\/www.science-park-saar.de\/fr\/le-science-park\/sog-saarland-offensive-fuer-gruender\/"]}]},{"@type":"BreadcrumbList","@id":"https:\/\/www.science-park-saar.de\/fr\/le-science-park\/sog-saarland-offensive-fuer-gruender\/#breadcrumb","itemListElement":[{"@type":"ListItem","position":1,"name":"Startseite","item":"https:\/\/www.science-park-saar.de\/fr\/"},{"@type":"ListItem","position":2,"name":"Le Science Park","item":"https:\/\/www.science-park-saar.de\/fr\/le-science-park\/"},{"@type":"ListItem","position":3,"name":"SOG Saarland Offensive f\u00fcr Gr\u00fcnder"}]},{"@type":"WebSite","@id":"https:\/\/www.science-park-saar.de\/#website","url":"https:\/\/www.science-park-saar.de\/","name":"Science Park Saar","description":"","potentialAction":[{"@type":"SearchAction","target":{"@type":"EntryPoint","urlTemplate":"https:\/\/www.science-park-saar.de\/?s={search_term_string}"},"query-input":{"@type":"PropertyValueSpecification","valueRequired":true,"valueName":"search_term_string"}}],"inLanguage":"fr-FR"}]}},"_links":{"self":[{"href":"https:\/\/www.science-park-saar.de\/fr\/wp-json\/wp\/v2\/pages\/1119","targetHints":{"allow":["GET"]}}],"collection":[{"href":"https:\/\/www.science-park-saar.de\/fr\/wp-json\/wp\/v2\/pages"}],"about":[{"href":"https:\/\/www.science-park-saar.de\/fr\/wp-json\/wp\/v2\/types\/page"}],"author":[{"embeddable":true,"href":"https:\/\/www.science-park-saar.de\/fr\/wp-json\/wp\/v2\/users\/2"}],"replies":[{"embeddable":true,"href":"https:\/\/www.science-park-saar.de\/fr\/wp-json\/wp\/v2\/comments?post=1119"}],"version-history":[{"count":1,"href":"https:\/\/www.science-park-saar.de\/fr\/wp-json\/wp\/v2\/pages\/1119\/revisions"}],"predecessor-version":[{"id":1120,"href":"https:\/\/www.science-park-saar.de\/fr\/wp-json\/wp\/v2\/pages\/1119\/revisions\/1120"}],"up":[{"embeddable":true,"href":"https:\/\/www.science-park-saar.de\/fr\/wp-json\/wp\/v2\/pages\/1069"}],"wp:attachment":[{"href":"https:\/\/www.science-park-saar.de\/fr\/wp-json\/wp\/v2\/media?parent=1119"}],"curies":[{"name":"wp","href":"https:\/\/api.w.org\/{rel}","templated":true}]}}