{"id":1111,"date":"2017-06-06T10:18:18","date_gmt":"2017-06-06T08:18:18","guid":{"rendered":"http:\/\/science-park-saar.strukturholding.de\/partner-links\/"},"modified":"2017-07-27T12:16:48","modified_gmt":"2017-07-27T10:16:48","slug":"partner-links","status":"publish","type":"page","link":"https:\/\/www.science-park-saar.de\/fr\/partner-links\/","title":{"rendered":"Partner &#038; Links"},"content":{"rendered":"<h1>Partenaires &#038; liens <\/h1>\n<p>Vous trouverez ici des liens vers des sites Internet concernant l\u2019emplacement de la Sarre : Science, recherche, \u00e9conomie et d\u00e9veloppement \u00e9conomique. <\/p>\n<p><a href=\"http:\/\/www.saarland.de\/\" target=\"_blank\">\u00bb Gouvernement du Land de la Sarre<\/a><\/p>\n<p><a href=\"http:\/\/www.saarland.de\/ministerium_wirtschaft_arbeit_energie_verkehr.htm\/\" target=\"_blank\">\u00bb Minist\u00e8re de l\u2019\u00e9conomie, du travail et des transports<\/a><\/p>\n<p><a href=\"http:\/\/www.strukturholding.de\/\" target=\"_blank\">\u00bb SHS Strukturholding Saar<\/a><\/p>\n<p><a href=\"http:\/\/www.invest-in-saarland.com\/\" target=\"_blank\">\u00bb www.invest-in-saarland.com<\/a><\/p>\n<p><a href=\"https:\/\/www.gewiss-saarland.de\/\" target=\"_blank\">&raquo; www.gewiss-saarland.de<\/a><\/p>\n<p><a href=\"http:\/\/www.uni-saarland.de\/\" target=\"_blank\">\u00bb Universit\u00e9 de la Sarre<\/a><\/p>\n<p><a href=\"http:\/\/www.kwt-uni-saarland.de\/\" target=\"_blank\">\u00bb KWT \/ WuT <\/a><\/p>\n<p><a href=\"http:\/\/www.gruenden.saarland.de\/\" target=\"_blank\">\u00bb Action de la Sarre pour les cr\u00e9ateurs d&rsquo;entreprise SOG <\/a><\/p>\n<p><a href=\"http:\/\/www.htwsaar.de\/\" target=\"_blank\">\u00bb \u00c9cole sup\u00e9rieure de techniques et d&rsquo;\u00e9conomie de Sarre htw<\/a><\/p>\n<p><a href=\"http:\/\/www.zpt.de\/\" target=\"_blank\">\u00bb saar.is <\/a><\/p>\n<p><a href=\"http:\/\/www.saarland.ihk.de\" target=\"_blank\">\u00bb IHK Saarland<\/a><\/p>\n<hr \/>\n<h2>Vous n\u2019avez pas trouv\u00e9 certains liens int\u00e9ressants ou importants ? Nous sommes toujours \u00e0 l\u2019\u00e9coute pour toute suggestion ! <\/h2>\n<p><a href=\"mailto:info@science-park-saar.de\">&raquo; info@science-park-saar.de<\/a><\/p>\n","protected":false},"excerpt":{"rendered":"<p>Partenaires &#038; liens Vous trouverez ici des liens vers des sites Internet concernant l\u2019emplacement de<\/p>\n","protected":false},"author":2,"featured_media":0,"parent":0,"menu_order":5,"comment_status":"closed","ping_status":"closed","template":"","meta":{"_acf_changed":false,"footnotes":""},"class_list":["post-1111","page","type-page","status-publish","hentry"],"acf":[],"yoast_head":"<!-- This site is optimized with the Yoast SEO plugin v27.3 - https:\/\/yoast.com\/product\/yoast-seo-wordpress\/ -->\n<title>Partner &amp; Links - Science Park Saar<\/title>\n<meta name=\"robots\" content=\"index, follow, max-snippet:-1, max-image-preview:large, max-video-preview:-1\" \/>\n<link rel=\"canonical\" href=\"https:\/\/www.science-park-saar.de\/fr\/partner-links\/\" \/>\n<meta property=\"og:locale\" content=\"fr_FR\" \/>\n<meta property=\"og:type\" content=\"article\" \/>\n<meta property=\"og:title\" content=\"Partner &amp; Links - Science Park Saar\" \/>\n<meta property=\"og:description\" content=\"Partenaires &#038; liens Vous trouverez ici des liens vers des sites Internet concernant l\u2019emplacement de\" \/>\n<meta property=\"og:url\" content=\"https:\/\/www.science-park-saar.de\/fr\/partner-links\/\" \/>\n<meta property=\"og:site_name\" content=\"Science Park Saar\" \/>\n<meta property=\"article:modified_time\" content=\"2017-07-27T10:16:48+00:00\" \/>\n<meta name=\"twitter:card\" content=\"summary_large_image\" \/>\n<meta name=\"twitter:label1\" content=\"Dur\u00e9e de lecture estim\u00e9e\" \/>\n\t<meta name=\"twitter:data1\" content=\"1 minute\" \/>\n<script type=\"application\/ld+json\" class=\"yoast-schema-graph\">{\"@context\":\"https:\\\/\\\/schema.org\",\"@graph\":[{\"@type\":\"WebPage\",\"@id\":\"https:\\\/\\\/www.science-park-saar.de\\\/fr\\\/partner-links\\\/\",\"url\":\"https:\\\/\\\/www.science-park-saar.de\\\/fr\\\/partner-links\\\/\",\"name\":\"Partner & Links - Science Park Saar\",\"isPartOf\":{\"@id\":\"https:\\\/\\\/www.science-park-saar.de\\\/#website\"},\"datePublished\":\"2017-06-06T08:18:18+00:00\",\"dateModified\":\"2017-07-27T10:16:48+00:00\",\"breadcrumb\":{\"@id\":\"https:\\\/\\\/www.science-park-saar.de\\\/fr\\\/partner-links\\\/#breadcrumb\"},\"inLanguage\":\"fr-FR\",\"potentialAction\":[{\"@type\":\"ReadAction\",\"target\":[\"https:\\\/\\\/www.science-park-saar.de\\\/fr\\\/partner-links\\\/\"]}]},{\"@type\":\"BreadcrumbList\",\"@id\":\"https:\\\/\\\/www.science-park-saar.de\\\/fr\\\/partner-links\\\/#breadcrumb\",\"itemListElement\":[{\"@type\":\"ListItem\",\"position\":1,\"name\":\"Startseite\",\"item\":\"https:\\\/\\\/www.science-park-saar.de\\\/fr\\\/\"},{\"@type\":\"ListItem\",\"position\":2,\"name\":\"Partner &#038; Links\"}]},{\"@type\":\"WebSite\",\"@id\":\"https:\\\/\\\/www.science-park-saar.de\\\/#website\",\"url\":\"https:\\\/\\\/www.science-park-saar.de\\\/\",\"name\":\"Science Park Saar\",\"description\":\"\",\"potentialAction\":[{\"@type\":\"SearchAction\",\"target\":{\"@type\":\"EntryPoint\",\"urlTemplate\":\"https:\\\/\\\/www.science-park-saar.de\\\/?s={search_term_string}\"},\"query-input\":{\"@type\":\"PropertyValueSpecification\",\"valueRequired\":true,\"valueName\":\"search_term_string\"}}],\"inLanguage\":\"fr-FR\"}]}<\/script>\n<!-- \/ Yoast SEO plugin. -->","yoast_head_json":{"title":"Partner & Links - Science Park Saar","robots":{"index":"index","follow":"follow","max-snippet":"max-snippet:-1","max-image-preview":"max-image-preview:large","max-video-preview":"max-video-preview:-1"},"canonical":"https:\/\/www.science-park-saar.de\/fr\/partner-links\/","og_locale":"fr_FR","og_type":"article","og_title":"Partner & Links - Science Park Saar","og_description":"Partenaires &#038; liens Vous trouverez ici des liens vers des sites Internet concernant l\u2019emplacement de","og_url":"https:\/\/www.science-park-saar.de\/fr\/partner-links\/","og_site_name":"Science Park Saar","article_modified_time":"2017-07-27T10:16:48+00:00","twitter_card":"summary_large_image","twitter_misc":{"Dur\u00e9e de lecture estim\u00e9e":"1 minute"},"schema":{"@context":"https:\/\/schema.org","@graph":[{"@type":"WebPage","@id":"https:\/\/www.science-park-saar.de\/fr\/partner-links\/","url":"https:\/\/www.science-park-saar.de\/fr\/partner-links\/","name":"Partner & Links - Science Park Saar","isPartOf":{"@id":"https:\/\/www.science-park-saar.de\/#website"},"datePublished":"2017-06-06T08:18:18+00:00","dateModified":"2017-07-27T10:16:48+00:00","breadcrumb":{"@id":"https:\/\/www.science-park-saar.de\/fr\/partner-links\/#breadcrumb"},"inLanguage":"fr-FR","potentialAction":[{"@type":"ReadAction","target":["https:\/\/www.science-park-saar.de\/fr\/partner-links\/"]}]},{"@type":"BreadcrumbList","@id":"https:\/\/www.science-park-saar.de\/fr\/partner-links\/#breadcrumb","itemListElement":[{"@type":"ListItem","position":1,"name":"Startseite","item":"https:\/\/www.science-park-saar.de\/fr\/"},{"@type":"ListItem","position":2,"name":"Partner &#038; Links"}]},{"@type":"WebSite","@id":"https:\/\/www.science-park-saar.de\/#website","url":"https:\/\/www.science-park-saar.de\/","name":"Science Park Saar","description":"","potentialAction":[{"@type":"SearchAction","target":{"@type":"EntryPoint","urlTemplate":"https:\/\/www.science-park-saar.de\/?s={search_term_string}"},"query-input":{"@type":"PropertyValueSpecification","valueRequired":true,"valueName":"search_term_string"}}],"inLanguage":"fr-FR"}]}},"_links":{"self":[{"href":"https:\/\/www.science-park-saar.de\/fr\/wp-json\/wp\/v2\/pages\/1111","targetHints":{"allow":["GET"]}}],"collection":[{"href":"https:\/\/www.science-park-saar.de\/fr\/wp-json\/wp\/v2\/pages"}],"about":[{"href":"https:\/\/www.science-park-saar.de\/fr\/wp-json\/wp\/v2\/types\/page"}],"author":[{"embeddable":true,"href":"https:\/\/www.science-park-saar.de\/fr\/wp-json\/wp\/v2\/users\/2"}],"replies":[{"embeddable":true,"href":"https:\/\/www.science-park-saar.de\/fr\/wp-json\/wp\/v2\/comments?post=1111"}],"version-history":[{"count":5,"href":"https:\/\/www.science-park-saar.de\/fr\/wp-json\/wp\/v2\/pages\/1111\/revisions"}],"predecessor-version":[{"id":2320,"href":"https:\/\/www.science-park-saar.de\/fr\/wp-json\/wp\/v2\/pages\/1111\/revisions\/2320"}],"wp:attachment":[{"href":"https:\/\/www.science-park-saar.de\/fr\/wp-json\/wp\/v2\/media?parent=1111"}],"curies":[{"name":"wp","href":"https:\/\/api.w.org\/{rel}","templated":true}]}}