{"id":1088,"date":"2017-06-09T10:58:56","date_gmt":"2017-06-09T08:58:56","guid":{"rendered":"http:\/\/science-park-saar.strukturholding.de\/le-science-park\/raum-serviceangebote\/"},"modified":"2017-07-27T12:29:20","modified_gmt":"2017-07-27T10:29:20","slug":"raum-serviceangebote","status":"publish","type":"page","link":"https:\/\/www.science-park-saar.de\/fr\/le-science-park\/raum-serviceangebote\/","title":{"rendered":"Offres d\u2019espaces et de services"},"content":{"rendered":"<h1>Offres d\u2019espaces et de services<\/h1>\n<p>\u00c0 proximit\u00e9 directe du campus de l\u2019universit\u00e9 de la Sarre, le Science Park offre aux jeunes entreprises orient\u00e9es vers la technologie des conditions id\u00e9ales pour se mettre \u00e0 leur propre compte.<\/p>\n<p>Les locataires disposent d\u2019une offre de prestations compl\u00e8te. Outre des bureaux attrayants, des laboratoires et un \u00e9quipement g\u00e9n\u00e9ral technique adapt\u00e9 aux besoins, les b\u00e2timents disposent \u00e9galement d\u2019une plateforme performante de t\u00e9l\u00e9communication. Des salles de conf\u00e9rence et de r\u00e9union disposant d\u2019un \u00e9quipement technique moderne peuvent \u00eatre lou\u00e9es par toutes les entreprises du Science Park pour des r\u00e9unions \u00e0 grande \u00e9chelle. Il en va de m\u00eame pour les espaces d\u2019exposition qui permettent une pr\u00e9sentation claire et informative de leurs produits et prestations.\u00a0Des kitchenettes centrales \u00e0 tous les \u00e9tages permettent aux locataires d\u2019assurer un ravitaillement de base avec boissons et en-cas.<br \/>\nDans le hall d\u2019entr\u00e9e d\u2019excellente pr\u00e9sentation se trouvent l\u2019accueil avec secr\u00e9tariat et central t\u00e9l\u00e9phonique. Une caf\u00e9t\u00e9ria et des places de parking priv\u00e9es compl\u00e8tent l\u2019offre. Un espace vert \u00e9voquant un parc avec des zones de d\u00e9tente et des chemins sinueux relient le Science Park \u00e0 l\u2019universit\u00e9<\/p>\n<p>Dans le secteur du centre de biotechnologie se trouvent des laboratoires compl\u00e8tement am\u00e9nag\u00e9s et climatis\u00e9s au standard S1. Outre des unit\u00e9s de laboratoires individuels et r\u00e9serv\u00e9s aux locataires on trouve \u00e9galement des zones de laboratoires \u00e0 utilisation en commun avec un \u00e9quipement technique remarquable comme chambre froide, centrifugeuse haute performance, autoclaves, chambre de pes\u00e9e et un laboratoire isotopique.<\/p>\n<p>Sont propos\u00e9es par ailleurs des prestations sp\u00e9cialis\u00e9es de service, de conseil et d\u2019encadrement en collaboration avec le r\u00e9seau SOG.<\/p>\n<hr \/>\n<p>Les <strong>bureaux <\/strong>sont attrayants et sur le plan technique au niveau le plus r\u00e9cent\u00a0:<\/p>\n<ul>\n<li>des salles vastes et claires<\/li>\n<li>un syst\u00e8me ouvert de chemin de c\u00e2bles<\/li>\n<li>un c\u00e2blage structur\u00e9 de t\u00e9l\u00e9phones et de donn\u00e9es<\/li>\n<li>un \u00e9clairage adapt\u00e9 \u00e0 un travail sur \u00e9cran<\/li>\n<li>une protection solaire ext\u00e9rieure, automatique et manuellement r\u00e9glable<\/li>\n<li>un vitrage \u00e0 isolation thermique<\/li>\n<\/ul>\n<hr \/>\n<p>Les <strong>laboratoires <\/strong>permettent de d\u00e9marrer rapidement dans la pratique\u00a0:<\/p>\n<ul>\n<li>protection solaire et anti-\u00e9blouissement<\/li>\n<li>vitrage \u00e0 isolation thermique<\/li>\n<li>syst\u00e8me de ventilation<\/li>\n<li>ascenseur, adapt\u00e9 aux europalettes<\/li>\n<li>montage de base des meubles de laboratoire<\/li>\n<\/ul>\n<p>&nbsp;<\/p>\n","protected":false},"excerpt":{"rendered":"<p>Offres d\u2019espaces et de services \u00c0 proximit\u00e9 directe du campus de l\u2019universit\u00e9 de la Sarre,<\/p>\n","protected":false},"author":2,"featured_media":0,"parent":1069,"menu_order":0,"comment_status":"closed","ping_status":"closed","template":"","meta":{"_acf_changed":false,"footnotes":""},"class_list":["post-1088","page","type-page","status-publish","hentry"],"acf":[],"yoast_head":"<!-- This site is optimized with the Yoast SEO plugin v27.3 - https:\/\/yoast.com\/product\/yoast-seo-wordpress\/ -->\n<title>Offres d\u2019espaces et de services - Science Park Saar<\/title>\n<meta name=\"robots\" content=\"index, follow, max-snippet:-1, max-image-preview:large, max-video-preview:-1\" \/>\n<link rel=\"canonical\" href=\"https:\/\/www.science-park-saar.de\/fr\/le-science-park\/raum-serviceangebote\/\" \/>\n<meta property=\"og:locale\" content=\"fr_FR\" \/>\n<meta property=\"og:type\" content=\"article\" \/>\n<meta property=\"og:title\" content=\"Offres d\u2019espaces et de services - Science Park Saar\" \/>\n<meta property=\"og:description\" content=\"Offres d\u2019espaces et de services \u00c0 proximit\u00e9 directe du campus de l\u2019universit\u00e9 de la Sarre,\" \/>\n<meta property=\"og:url\" content=\"https:\/\/www.science-park-saar.de\/fr\/le-science-park\/raum-serviceangebote\/\" \/>\n<meta property=\"og:site_name\" content=\"Science Park Saar\" \/>\n<meta property=\"article:modified_time\" content=\"2017-07-27T10:29:20+00:00\" \/>\n<meta name=\"twitter:card\" content=\"summary_large_image\" \/>\n<meta name=\"twitter:label1\" content=\"Dur\u00e9e de lecture estim\u00e9e\" \/>\n\t<meta name=\"twitter:data1\" content=\"2 minutes\" \/>\n<script type=\"application\/ld+json\" class=\"yoast-schema-graph\">{\"@context\":\"https:\\\/\\\/schema.org\",\"@graph\":[{\"@type\":\"WebPage\",\"@id\":\"https:\\\/\\\/www.science-park-saar.de\\\/fr\\\/le-science-park\\\/raum-serviceangebote\\\/\",\"url\":\"https:\\\/\\\/www.science-park-saar.de\\\/fr\\\/le-science-park\\\/raum-serviceangebote\\\/\",\"name\":\"Offres d\u2019espaces et de services - Science Park Saar\",\"isPartOf\":{\"@id\":\"https:\\\/\\\/www.science-park-saar.de\\\/#website\"},\"datePublished\":\"2017-06-09T08:58:56+00:00\",\"dateModified\":\"2017-07-27T10:29:20+00:00\",\"breadcrumb\":{\"@id\":\"https:\\\/\\\/www.science-park-saar.de\\\/fr\\\/le-science-park\\\/raum-serviceangebote\\\/#breadcrumb\"},\"inLanguage\":\"fr-FR\",\"potentialAction\":[{\"@type\":\"ReadAction\",\"target\":[\"https:\\\/\\\/www.science-park-saar.de\\\/fr\\\/le-science-park\\\/raum-serviceangebote\\\/\"]}]},{\"@type\":\"BreadcrumbList\",\"@id\":\"https:\\\/\\\/www.science-park-saar.de\\\/fr\\\/le-science-park\\\/raum-serviceangebote\\\/#breadcrumb\",\"itemListElement\":[{\"@type\":\"ListItem\",\"position\":1,\"name\":\"Startseite\",\"item\":\"https:\\\/\\\/www.science-park-saar.de\\\/fr\\\/\"},{\"@type\":\"ListItem\",\"position\":2,\"name\":\"Le Science Park\",\"item\":\"https:\\\/\\\/www.science-park-saar.de\\\/fr\\\/le-science-park\\\/\"},{\"@type\":\"ListItem\",\"position\":3,\"name\":\"Offres d\u2019espaces et de services\"}]},{\"@type\":\"WebSite\",\"@id\":\"https:\\\/\\\/www.science-park-saar.de\\\/#website\",\"url\":\"https:\\\/\\\/www.science-park-saar.de\\\/\",\"name\":\"Science Park Saar\",\"description\":\"\",\"potentialAction\":[{\"@type\":\"SearchAction\",\"target\":{\"@type\":\"EntryPoint\",\"urlTemplate\":\"https:\\\/\\\/www.science-park-saar.de\\\/?s={search_term_string}\"},\"query-input\":{\"@type\":\"PropertyValueSpecification\",\"valueRequired\":true,\"valueName\":\"search_term_string\"}}],\"inLanguage\":\"fr-FR\"}]}<\/script>\n<!-- \/ Yoast SEO plugin. -->","yoast_head_json":{"title":"Offres d\u2019espaces et de services - Science Park Saar","robots":{"index":"index","follow":"follow","max-snippet":"max-snippet:-1","max-image-preview":"max-image-preview:large","max-video-preview":"max-video-preview:-1"},"canonical":"https:\/\/www.science-park-saar.de\/fr\/le-science-park\/raum-serviceangebote\/","og_locale":"fr_FR","og_type":"article","og_title":"Offres d\u2019espaces et de services - Science Park Saar","og_description":"Offres d\u2019espaces et de services \u00c0 proximit\u00e9 directe du campus de l\u2019universit\u00e9 de la Sarre,","og_url":"https:\/\/www.science-park-saar.de\/fr\/le-science-park\/raum-serviceangebote\/","og_site_name":"Science Park Saar","article_modified_time":"2017-07-27T10:29:20+00:00","twitter_card":"summary_large_image","twitter_misc":{"Dur\u00e9e de lecture estim\u00e9e":"2 minutes"},"schema":{"@context":"https:\/\/schema.org","@graph":[{"@type":"WebPage","@id":"https:\/\/www.science-park-saar.de\/fr\/le-science-park\/raum-serviceangebote\/","url":"https:\/\/www.science-park-saar.de\/fr\/le-science-park\/raum-serviceangebote\/","name":"Offres d\u2019espaces et de services - Science Park Saar","isPartOf":{"@id":"https:\/\/www.science-park-saar.de\/#website"},"datePublished":"2017-06-09T08:58:56+00:00","dateModified":"2017-07-27T10:29:20+00:00","breadcrumb":{"@id":"https:\/\/www.science-park-saar.de\/fr\/le-science-park\/raum-serviceangebote\/#breadcrumb"},"inLanguage":"fr-FR","potentialAction":[{"@type":"ReadAction","target":["https:\/\/www.science-park-saar.de\/fr\/le-science-park\/raum-serviceangebote\/"]}]},{"@type":"BreadcrumbList","@id":"https:\/\/www.science-park-saar.de\/fr\/le-science-park\/raum-serviceangebote\/#breadcrumb","itemListElement":[{"@type":"ListItem","position":1,"name":"Startseite","item":"https:\/\/www.science-park-saar.de\/fr\/"},{"@type":"ListItem","position":2,"name":"Le Science Park","item":"https:\/\/www.science-park-saar.de\/fr\/le-science-park\/"},{"@type":"ListItem","position":3,"name":"Offres d\u2019espaces et de services"}]},{"@type":"WebSite","@id":"https:\/\/www.science-park-saar.de\/#website","url":"https:\/\/www.science-park-saar.de\/","name":"Science Park Saar","description":"","potentialAction":[{"@type":"SearchAction","target":{"@type":"EntryPoint","urlTemplate":"https:\/\/www.science-park-saar.de\/?s={search_term_string}"},"query-input":{"@type":"PropertyValueSpecification","valueRequired":true,"valueName":"search_term_string"}}],"inLanguage":"fr-FR"}]}},"_links":{"self":[{"href":"https:\/\/www.science-park-saar.de\/fr\/wp-json\/wp\/v2\/pages\/1088","targetHints":{"allow":["GET"]}}],"collection":[{"href":"https:\/\/www.science-park-saar.de\/fr\/wp-json\/wp\/v2\/pages"}],"about":[{"href":"https:\/\/www.science-park-saar.de\/fr\/wp-json\/wp\/v2\/types\/page"}],"author":[{"embeddable":true,"href":"https:\/\/www.science-park-saar.de\/fr\/wp-json\/wp\/v2\/users\/2"}],"replies":[{"embeddable":true,"href":"https:\/\/www.science-park-saar.de\/fr\/wp-json\/wp\/v2\/comments?post=1088"}],"version-history":[{"count":6,"href":"https:\/\/www.science-park-saar.de\/fr\/wp-json\/wp\/v2\/pages\/1088\/revisions"}],"predecessor-version":[{"id":2346,"href":"https:\/\/www.science-park-saar.de\/fr\/wp-json\/wp\/v2\/pages\/1088\/revisions\/2346"}],"up":[{"embeddable":true,"href":"https:\/\/www.science-park-saar.de\/fr\/wp-json\/wp\/v2\/pages\/1069"}],"wp:attachment":[{"href":"https:\/\/www.science-park-saar.de\/fr\/wp-json\/wp\/v2\/media?parent=1088"}],"curies":[{"name":"wp","href":"https:\/\/api.w.org\/{rel}","templated":true}]}}