{"id":1072,"date":"2017-06-09T11:06:48","date_gmt":"2017-06-09T09:06:48","guid":{"rendered":"http:\/\/science-park-saar.strukturholding.de\/le-science-park\/standortvorteile\/"},"modified":"2017-07-03T08:49:14","modified_gmt":"2017-07-03T06:49:14","slug":"standortvorteile","status":"publish","type":"page","link":"https:\/\/www.science-park-saar.de\/fr\/le-science-park\/standortvorteile\/","title":{"rendered":"Standortvorteile"},"content":{"rendered":"<h1>\u00c9conomie et recherche \u00e0 proximit\u00e9 imm\u00e9diate<\/h1>\n<p>L\u2019environnement de l\u2019universit\u00e9 offre des avantages gr\u00e2ce \u00e0 des effets possibles de synergie entre des disciplines \u00e9tablies comme physique, chimie, math\u00e9matiques, nouveaux mat\u00e9riaux, informatique, automatisation, pharmacologie, m\u00e9decine et technique biom\u00e9dicale. Toutes les institutions et tous les domaines importants sont faciles \u00e0 atteindre \u00e0 pied. Les Science Park 1 et 2 forment un ensemble architectural coh\u00e9rent avec un fonctionnement interne intelligent. Juste \u00e0 c\u00f4t\u00e9 du Science Park 2 se trouve le Starterzentrum (p\u00e9pini\u00e8re d&rsquo;entreprises) d\u2019o\u00f9 sont n\u00e9es un grand nombre de soci\u00e9t\u00e9s d\u00e9riv\u00e9es directement de l\u2019universit\u00e9.<\/p>\n<p>Ainsi, le Science Park dispose-t-il d\u2019un emplacement attractif avec un milieu scientifique d\u2019excellent niveau.<\/p>\n","protected":false},"excerpt":{"rendered":"<p>\u00c9conomie et recherche \u00e0 proximit\u00e9 imm\u00e9diate L\u2019environnement de l\u2019universit\u00e9 offre des avantages gr\u00e2ce \u00e0 des<\/p>\n","protected":false},"author":2,"featured_media":0,"parent":1069,"menu_order":0,"comment_status":"closed","ping_status":"closed","template":"","meta":{"_acf_changed":false,"footnotes":""},"class_list":["post-1072","page","type-page","status-publish","hentry"],"acf":[],"yoast_head":"<!-- This site is optimized with the Yoast SEO plugin v27.4 - https:\/\/yoast.com\/product\/yoast-seo-wordpress\/ -->\n<title>Standortvorteile - Science Park Saar<\/title>\n<meta name=\"robots\" content=\"index, follow, max-snippet:-1, max-image-preview:large, max-video-preview:-1\" \/>\n<link rel=\"canonical\" href=\"https:\/\/www.science-park-saar.de\/fr\/le-science-park\/standortvorteile\/\" \/>\n<meta property=\"og:locale\" content=\"fr_FR\" \/>\n<meta property=\"og:type\" content=\"article\" \/>\n<meta property=\"og:title\" content=\"Standortvorteile - Science Park Saar\" \/>\n<meta property=\"og:description\" content=\"\u00c9conomie et recherche \u00e0 proximit\u00e9 imm\u00e9diate L\u2019environnement de l\u2019universit\u00e9 offre des avantages gr\u00e2ce \u00e0 des\" \/>\n<meta property=\"og:url\" content=\"https:\/\/www.science-park-saar.de\/fr\/le-science-park\/standortvorteile\/\" \/>\n<meta property=\"og:site_name\" content=\"Science Park Saar\" \/>\n<meta property=\"article:modified_time\" content=\"2017-07-03T06:49:14+00:00\" \/>\n<meta name=\"twitter:card\" content=\"summary_large_image\" \/>\n<meta name=\"twitter:label1\" content=\"Dur\u00e9e de lecture estim\u00e9e\" \/>\n\t<meta name=\"twitter:data1\" content=\"1 minute\" \/>\n<script type=\"application\/ld+json\" class=\"yoast-schema-graph\">{\"@context\":\"https:\\\/\\\/schema.org\",\"@graph\":[{\"@type\":\"WebPage\",\"@id\":\"https:\\\/\\\/www.science-park-saar.de\\\/fr\\\/le-science-park\\\/standortvorteile\\\/\",\"url\":\"https:\\\/\\\/www.science-park-saar.de\\\/fr\\\/le-science-park\\\/standortvorteile\\\/\",\"name\":\"Standortvorteile - Science Park Saar\",\"isPartOf\":{\"@id\":\"https:\\\/\\\/www.science-park-saar.de\\\/#website\"},\"datePublished\":\"2017-06-09T09:06:48+00:00\",\"dateModified\":\"2017-07-03T06:49:14+00:00\",\"breadcrumb\":{\"@id\":\"https:\\\/\\\/www.science-park-saar.de\\\/fr\\\/le-science-park\\\/standortvorteile\\\/#breadcrumb\"},\"inLanguage\":\"fr-FR\",\"potentialAction\":[{\"@type\":\"ReadAction\",\"target\":[\"https:\\\/\\\/www.science-park-saar.de\\\/fr\\\/le-science-park\\\/standortvorteile\\\/\"]}]},{\"@type\":\"BreadcrumbList\",\"@id\":\"https:\\\/\\\/www.science-park-saar.de\\\/fr\\\/le-science-park\\\/standortvorteile\\\/#breadcrumb\",\"itemListElement\":[{\"@type\":\"ListItem\",\"position\":1,\"name\":\"Startseite\",\"item\":\"https:\\\/\\\/www.science-park-saar.de\\\/fr\\\/\"},{\"@type\":\"ListItem\",\"position\":2,\"name\":\"Le Science Park\",\"item\":\"https:\\\/\\\/www.science-park-saar.de\\\/fr\\\/le-science-park\\\/\"},{\"@type\":\"ListItem\",\"position\":3,\"name\":\"Standortvorteile\"}]},{\"@type\":\"WebSite\",\"@id\":\"https:\\\/\\\/www.science-park-saar.de\\\/#website\",\"url\":\"https:\\\/\\\/www.science-park-saar.de\\\/\",\"name\":\"Science Park Saar\",\"description\":\"\",\"potentialAction\":[{\"@type\":\"SearchAction\",\"target\":{\"@type\":\"EntryPoint\",\"urlTemplate\":\"https:\\\/\\\/www.science-park-saar.de\\\/?s={search_term_string}\"},\"query-input\":{\"@type\":\"PropertyValueSpecification\",\"valueRequired\":true,\"valueName\":\"search_term_string\"}}],\"inLanguage\":\"fr-FR\"}]}<\/script>\n<!-- \/ Yoast SEO plugin. -->","yoast_head_json":{"title":"Standortvorteile - Science Park Saar","robots":{"index":"index","follow":"follow","max-snippet":"max-snippet:-1","max-image-preview":"max-image-preview:large","max-video-preview":"max-video-preview:-1"},"canonical":"https:\/\/www.science-park-saar.de\/fr\/le-science-park\/standortvorteile\/","og_locale":"fr_FR","og_type":"article","og_title":"Standortvorteile - Science Park Saar","og_description":"\u00c9conomie et recherche \u00e0 proximit\u00e9 imm\u00e9diate L\u2019environnement de l\u2019universit\u00e9 offre des avantages gr\u00e2ce \u00e0 des","og_url":"https:\/\/www.science-park-saar.de\/fr\/le-science-park\/standortvorteile\/","og_site_name":"Science Park Saar","article_modified_time":"2017-07-03T06:49:14+00:00","twitter_card":"summary_large_image","twitter_misc":{"Dur\u00e9e de lecture estim\u00e9e":"1 minute"},"schema":{"@context":"https:\/\/schema.org","@graph":[{"@type":"WebPage","@id":"https:\/\/www.science-park-saar.de\/fr\/le-science-park\/standortvorteile\/","url":"https:\/\/www.science-park-saar.de\/fr\/le-science-park\/standortvorteile\/","name":"Standortvorteile - Science Park Saar","isPartOf":{"@id":"https:\/\/www.science-park-saar.de\/#website"},"datePublished":"2017-06-09T09:06:48+00:00","dateModified":"2017-07-03T06:49:14+00:00","breadcrumb":{"@id":"https:\/\/www.science-park-saar.de\/fr\/le-science-park\/standortvorteile\/#breadcrumb"},"inLanguage":"fr-FR","potentialAction":[{"@type":"ReadAction","target":["https:\/\/www.science-park-saar.de\/fr\/le-science-park\/standortvorteile\/"]}]},{"@type":"BreadcrumbList","@id":"https:\/\/www.science-park-saar.de\/fr\/le-science-park\/standortvorteile\/#breadcrumb","itemListElement":[{"@type":"ListItem","position":1,"name":"Startseite","item":"https:\/\/www.science-park-saar.de\/fr\/"},{"@type":"ListItem","position":2,"name":"Le Science Park","item":"https:\/\/www.science-park-saar.de\/fr\/le-science-park\/"},{"@type":"ListItem","position":3,"name":"Standortvorteile"}]},{"@type":"WebSite","@id":"https:\/\/www.science-park-saar.de\/#website","url":"https:\/\/www.science-park-saar.de\/","name":"Science Park Saar","description":"","potentialAction":[{"@type":"SearchAction","target":{"@type":"EntryPoint","urlTemplate":"https:\/\/www.science-park-saar.de\/?s={search_term_string}"},"query-input":{"@type":"PropertyValueSpecification","valueRequired":true,"valueName":"search_term_string"}}],"inLanguage":"fr-FR"}]}},"_links":{"self":[{"href":"https:\/\/www.science-park-saar.de\/fr\/wp-json\/wp\/v2\/pages\/1072","targetHints":{"allow":["GET"]}}],"collection":[{"href":"https:\/\/www.science-park-saar.de\/fr\/wp-json\/wp\/v2\/pages"}],"about":[{"href":"https:\/\/www.science-park-saar.de\/fr\/wp-json\/wp\/v2\/types\/page"}],"author":[{"embeddable":true,"href":"https:\/\/www.science-park-saar.de\/fr\/wp-json\/wp\/v2\/users\/2"}],"replies":[{"embeddable":true,"href":"https:\/\/www.science-park-saar.de\/fr\/wp-json\/wp\/v2\/comments?post=1072"}],"version-history":[{"count":1,"href":"https:\/\/www.science-park-saar.de\/fr\/wp-json\/wp\/v2\/pages\/1072\/revisions"}],"predecessor-version":[{"id":1073,"href":"https:\/\/www.science-park-saar.de\/fr\/wp-json\/wp\/v2\/pages\/1072\/revisions\/1073"}],"up":[{"embeddable":true,"href":"https:\/\/www.science-park-saar.de\/fr\/wp-json\/wp\/v2\/pages\/1069"}],"wp:attachment":[{"href":"https:\/\/www.science-park-saar.de\/fr\/wp-json\/wp\/v2\/media?parent=1072"}],"curies":[{"name":"wp","href":"https:\/\/api.w.org\/{rel}","templated":true}]}}