{"id":1069,"date":"2017-07-03T08:45:24","date_gmt":"2017-07-03T06:45:24","guid":{"rendered":"http:\/\/science-park-saar.strukturholding.de\/?page_id=1069\/"},"modified":"2017-08-21T10:00:59","modified_gmt":"2017-08-21T08:00:59","slug":"le-science-park","status":"publish","type":"page","link":"https:\/\/www.science-park-saar.de\/fr\/le-science-park\/","title":{"rendered":"Le Science Park"},"content":{"rendered":"<h1>Interface entre science et \u00e9conomie<\/h1>\n<p>Le Science Park Saar est une p\u00e9pini\u00e8re \u00e9prouv\u00e9e d\u2019entrepreneurs et de cr\u00e9ateurs d\u2019entreprises. Il r\u00e9pond \u00e0 une forte demande en surfaces ad\u00e9quates et en infrastructure appropri\u00e9e de la part d\u2019entreprises \u00e0 orientation technologique. En tant que p\u00e9pini\u00e8re d\u2019entreprises moderne, le Science Park Saar est un \u00e9l\u00e9ment essentiel pour promouvoir la cr\u00e9ation d\u2019entreprises et le transfert technologique en Sarre.<\/p>\n<p>\u00c9tabli \u00e0 proximit\u00e9 directe de l\u2019universit\u00e9 de la Sarre, il est \u00e0 la disposition de jeunes entreprises qui entretiennent des liens \u00e9troits avec la recherche. Une offre d\u2019espaces attrayante et des services de consultation complets permettent au Science Park de proposer un terrain de croissance id\u00e9al aux entrepreneurs et aux entreprises orient\u00e9es vers la technologie.<\/p>\n<p>Ce qui y caract\u00e9rise le paysage des entreprises, c\u2019est d\u2019une part l\u2019informatique, le multim\u00e9dia ainsi que les services de syst\u00e8me informatique et de t\u00e9l\u00e9communication et d\u2019autre part la biotechnologie. Cette mutualisation des forces sous un seul et m\u00eame toit apporte aux locataires des chances suppl\u00e9mentaires sur le march\u00e9 en ce qui concerne la conception d\u2019offres et de gammes de services orient\u00e9es vers la client\u00e8le.<\/p>\n","protected":false},"excerpt":{"rendered":"<p>Interface entre science et \u00e9conomie Le Science Park Saar est une p\u00e9pini\u00e8re \u00e9prouv\u00e9e d\u2019entrepreneurs et<\/p>\n","protected":false},"author":2,"featured_media":0,"parent":0,"menu_order":1,"comment_status":"closed","ping_status":"closed","template":"","meta":{"_acf_changed":false,"footnotes":""},"class_list":["post-1069","page","type-page","status-publish","hentry"],"acf":[],"yoast_head":"<!-- This site is optimized with the Yoast SEO plugin v27.3 - https:\/\/yoast.com\/product\/yoast-seo-wordpress\/ -->\n<title>Le Science Park - Science Park Saar<\/title>\n<meta name=\"robots\" content=\"index, follow, max-snippet:-1, max-image-preview:large, max-video-preview:-1\" \/>\n<link rel=\"canonical\" href=\"https:\/\/www.science-park-saar.de\/fr\/le-science-park\/\" \/>\n<meta property=\"og:locale\" content=\"fr_FR\" \/>\n<meta property=\"og:type\" content=\"article\" \/>\n<meta property=\"og:title\" content=\"Le Science Park - Science Park Saar\" \/>\n<meta property=\"og:description\" content=\"Interface entre science et \u00e9conomie Le Science Park Saar est une p\u00e9pini\u00e8re \u00e9prouv\u00e9e d\u2019entrepreneurs et\" \/>\n<meta property=\"og:url\" content=\"https:\/\/www.science-park-saar.de\/fr\/le-science-park\/\" \/>\n<meta property=\"og:site_name\" content=\"Science Park Saar\" \/>\n<meta property=\"article:modified_time\" content=\"2017-08-21T08:00:59+00:00\" \/>\n<meta name=\"twitter:card\" content=\"summary_large_image\" \/>\n<meta name=\"twitter:label1\" content=\"Dur\u00e9e de lecture estim\u00e9e\" \/>\n\t<meta name=\"twitter:data1\" content=\"1 minute\" \/>\n<script type=\"application\/ld+json\" class=\"yoast-schema-graph\">{\"@context\":\"https:\\\/\\\/schema.org\",\"@graph\":[{\"@type\":\"WebPage\",\"@id\":\"https:\\\/\\\/www.science-park-saar.de\\\/fr\\\/le-science-park\\\/\",\"url\":\"https:\\\/\\\/www.science-park-saar.de\\\/fr\\\/le-science-park\\\/\",\"name\":\"Le Science Park - Science Park Saar\",\"isPartOf\":{\"@id\":\"https:\\\/\\\/www.science-park-saar.de\\\/#website\"},\"datePublished\":\"2017-07-03T06:45:24+00:00\",\"dateModified\":\"2017-08-21T08:00:59+00:00\",\"breadcrumb\":{\"@id\":\"https:\\\/\\\/www.science-park-saar.de\\\/fr\\\/le-science-park\\\/#breadcrumb\"},\"inLanguage\":\"fr-FR\",\"potentialAction\":[{\"@type\":\"ReadAction\",\"target\":[\"https:\\\/\\\/www.science-park-saar.de\\\/fr\\\/le-science-park\\\/\"]}]},{\"@type\":\"BreadcrumbList\",\"@id\":\"https:\\\/\\\/www.science-park-saar.de\\\/fr\\\/le-science-park\\\/#breadcrumb\",\"itemListElement\":[{\"@type\":\"ListItem\",\"position\":1,\"name\":\"Startseite\",\"item\":\"https:\\\/\\\/www.science-park-saar.de\\\/fr\\\/\"},{\"@type\":\"ListItem\",\"position\":2,\"name\":\"Le Science Park\"}]},{\"@type\":\"WebSite\",\"@id\":\"https:\\\/\\\/www.science-park-saar.de\\\/#website\",\"url\":\"https:\\\/\\\/www.science-park-saar.de\\\/\",\"name\":\"Science Park Saar\",\"description\":\"\",\"potentialAction\":[{\"@type\":\"SearchAction\",\"target\":{\"@type\":\"EntryPoint\",\"urlTemplate\":\"https:\\\/\\\/www.science-park-saar.de\\\/?s={search_term_string}\"},\"query-input\":{\"@type\":\"PropertyValueSpecification\",\"valueRequired\":true,\"valueName\":\"search_term_string\"}}],\"inLanguage\":\"fr-FR\"}]}<\/script>\n<!-- \/ Yoast SEO plugin. -->","yoast_head_json":{"title":"Le Science Park - Science Park Saar","robots":{"index":"index","follow":"follow","max-snippet":"max-snippet:-1","max-image-preview":"max-image-preview:large","max-video-preview":"max-video-preview:-1"},"canonical":"https:\/\/www.science-park-saar.de\/fr\/le-science-park\/","og_locale":"fr_FR","og_type":"article","og_title":"Le Science Park - Science Park Saar","og_description":"Interface entre science et \u00e9conomie Le Science Park Saar est une p\u00e9pini\u00e8re \u00e9prouv\u00e9e d\u2019entrepreneurs et","og_url":"https:\/\/www.science-park-saar.de\/fr\/le-science-park\/","og_site_name":"Science Park Saar","article_modified_time":"2017-08-21T08:00:59+00:00","twitter_card":"summary_large_image","twitter_misc":{"Dur\u00e9e de lecture estim\u00e9e":"1 minute"},"schema":{"@context":"https:\/\/schema.org","@graph":[{"@type":"WebPage","@id":"https:\/\/www.science-park-saar.de\/fr\/le-science-park\/","url":"https:\/\/www.science-park-saar.de\/fr\/le-science-park\/","name":"Le Science Park - Science Park Saar","isPartOf":{"@id":"https:\/\/www.science-park-saar.de\/#website"},"datePublished":"2017-07-03T06:45:24+00:00","dateModified":"2017-08-21T08:00:59+00:00","breadcrumb":{"@id":"https:\/\/www.science-park-saar.de\/fr\/le-science-park\/#breadcrumb"},"inLanguage":"fr-FR","potentialAction":[{"@type":"ReadAction","target":["https:\/\/www.science-park-saar.de\/fr\/le-science-park\/"]}]},{"@type":"BreadcrumbList","@id":"https:\/\/www.science-park-saar.de\/fr\/le-science-park\/#breadcrumb","itemListElement":[{"@type":"ListItem","position":1,"name":"Startseite","item":"https:\/\/www.science-park-saar.de\/fr\/"},{"@type":"ListItem","position":2,"name":"Le Science Park"}]},{"@type":"WebSite","@id":"https:\/\/www.science-park-saar.de\/#website","url":"https:\/\/www.science-park-saar.de\/","name":"Science Park Saar","description":"","potentialAction":[{"@type":"SearchAction","target":{"@type":"EntryPoint","urlTemplate":"https:\/\/www.science-park-saar.de\/?s={search_term_string}"},"query-input":{"@type":"PropertyValueSpecification","valueRequired":true,"valueName":"search_term_string"}}],"inLanguage":"fr-FR"}]}},"_links":{"self":[{"href":"https:\/\/www.science-park-saar.de\/fr\/wp-json\/wp\/v2\/pages\/1069","targetHints":{"allow":["GET"]}}],"collection":[{"href":"https:\/\/www.science-park-saar.de\/fr\/wp-json\/wp\/v2\/pages"}],"about":[{"href":"https:\/\/www.science-park-saar.de\/fr\/wp-json\/wp\/v2\/types\/page"}],"author":[{"embeddable":true,"href":"https:\/\/www.science-park-saar.de\/fr\/wp-json\/wp\/v2\/users\/2"}],"replies":[{"embeddable":true,"href":"https:\/\/www.science-park-saar.de\/fr\/wp-json\/wp\/v2\/comments?post=1069"}],"version-history":[{"count":3,"href":"https:\/\/www.science-park-saar.de\/fr\/wp-json\/wp\/v2\/pages\/1069\/revisions"}],"predecessor-version":[{"id":2369,"href":"https:\/\/www.science-park-saar.de\/fr\/wp-json\/wp\/v2\/pages\/1069\/revisions\/2369"}],"wp:attachment":[{"href":"https:\/\/www.science-park-saar.de\/fr\/wp-json\/wp\/v2\/media?parent=1069"}],"curies":[{"name":"wp","href":"https:\/\/api.w.org\/{rel}","templated":true}]}}