{"id":1065,"date":"2017-06-06T10:08:48","date_gmt":"2017-06-06T08:08:48","guid":{"rendered":"http:\/\/science-park-saar.strukturholding.de\/startseite\/"},"modified":"2023-11-03T08:44:22","modified_gmt":"2023-11-03T07:44:22","slug":"startseite","status":"publish","type":"page","link":"https:\/\/www.science-park-saar.de\/fr\/","title":{"rendered":"Page d\u2019accueil"},"content":{"rendered":"<h1>Science Park Saar \u2013 Le point de rencontre de la recherche et de l\u2019\u00e9conomie<\/h1>\n<p>Le point de rencontre de la recherche et de l\u2019\u00e9conomie<\/p>\n<p>La Sarre en tant que synonyme d\u2019industrie et de technologie. Pas \u00e9tonnant que le transfert technologique jouisse ici d\u2019une importance si particuli\u00e8re. Au Science Park Saar on peut constater la coop\u00e9ration entre l\u2019\u00e9conomie et la science dans un espace restreint. C\u2019est ce qui rend cet emplacement particuli\u00e8rement attrayant pour la cr\u00e9ation d\u2019une entreprise.<\/p>\n<p>Et, comme il arrive si souvent, la totalit\u00e9 est plus que la somme de ses parties. Les projets qui naissent quand la recherche et l\u2019entreprise fusionnent leurs comp\u00e9tences sont orient\u00e9s vers l\u2019avenir et sont souvent d\u2019utilit\u00e9 intersectorielle. De telles innovations cr\u00e9ent des emplois et assurent la comp\u00e9titivit\u00e9 d\u2019un site \u00e9conomique.<\/p>\n<p>\u00c0 deux pas du campus de l\u2019universit\u00e9 de la Sarre, il est un tremplin id\u00e9al pour les jeunes entreprises innovantes. Cela fait des ann\u00e9es que le succ\u00e8s donne raison \u00e0 ce concept. La recherche de pointe, par exemple dans le domaine de l\u2019informatique, ainsi que les conditions g\u00e9n\u00e9rales id\u00e9ales du Science Park attirent en Sarre de plus en plus de talents. Et c\u2019est \u00e0 bras ouverts que nous les accueillons.<\/p>\n","protected":false},"excerpt":{"rendered":"<p>Science Park Saar \u2013 Le point de rencontre de la recherche et de l\u2019\u00e9conomie Le<\/p>\n","protected":false},"author":2,"featured_media":0,"parent":0,"menu_order":0,"comment_status":"closed","ping_status":"open","template":"","meta":{"_acf_changed":false,"footnotes":""},"class_list":["post-1065","page","type-page","status-publish","hentry"],"acf":[],"yoast_head":"<!-- This site is optimized with the Yoast SEO plugin v27.2 - https:\/\/yoast.com\/product\/yoast-seo-wordpress\/ -->\n<title>Page d\u2019accueil - Science Park Saar<\/title>\n<meta name=\"robots\" content=\"index, follow, max-snippet:-1, max-image-preview:large, max-video-preview:-1\" \/>\n<link rel=\"canonical\" href=\"https:\/\/www.science-park-saar.de\/fr\/\" \/>\n<meta property=\"og:locale\" content=\"fr_FR\" \/>\n<meta property=\"og:type\" content=\"article\" \/>\n<meta property=\"og:title\" content=\"Page d\u2019accueil - Science Park Saar\" \/>\n<meta property=\"og:description\" content=\"Science Park Saar \u2013 Le point de rencontre de la recherche et de l\u2019\u00e9conomie Le\" \/>\n<meta property=\"og:url\" content=\"https:\/\/www.science-park-saar.de\/fr\/\" \/>\n<meta property=\"og:site_name\" content=\"Science Park Saar\" \/>\n<meta property=\"article:modified_time\" content=\"2023-11-03T07:44:22+00:00\" \/>\n<meta name=\"twitter:card\" content=\"summary_large_image\" \/>\n<meta name=\"twitter:label1\" content=\"Dur\u00e9e de lecture estim\u00e9e\" \/>\n\t<meta name=\"twitter:data1\" content=\"2 minutes\" \/>\n<script type=\"application\/ld+json\" class=\"yoast-schema-graph\">{\"@context\":\"https:\/\/schema.org\",\"@graph\":[{\"@type\":\"WebPage\",\"@id\":\"https:\/\/www.science-park-saar.de\/fr\/\",\"url\":\"https:\/\/www.science-park-saar.de\/fr\/\",\"name\":\"Page d\u2019accueil - Science Park Saar\",\"isPartOf\":{\"@id\":\"https:\/\/www.science-park-saar.de\/#website\"},\"datePublished\":\"2017-06-06T08:08:48+00:00\",\"dateModified\":\"2023-11-03T07:44:22+00:00\",\"breadcrumb\":{\"@id\":\"https:\/\/www.science-park-saar.de\/fr\/#breadcrumb\"},\"inLanguage\":\"fr-FR\",\"potentialAction\":[{\"@type\":\"ReadAction\",\"target\":[\"https:\/\/www.science-park-saar.de\/fr\/\"]}]},{\"@type\":\"BreadcrumbList\",\"@id\":\"https:\/\/www.science-park-saar.de\/fr\/#breadcrumb\",\"itemListElement\":[{\"@type\":\"ListItem\",\"position\":1,\"name\":\"Startseite\",\"item\":\"https:\/\/www.science-park-saar.de\/fr\/\"},{\"@type\":\"ListItem\",\"position\":2,\"name\":\"Page d\u2019accueil\"}]},{\"@type\":\"WebSite\",\"@id\":\"https:\/\/www.science-park-saar.de\/#website\",\"url\":\"https:\/\/www.science-park-saar.de\/\",\"name\":\"Science Park Saar\",\"description\":\"\",\"potentialAction\":[{\"@type\":\"SearchAction\",\"target\":{\"@type\":\"EntryPoint\",\"urlTemplate\":\"https:\/\/www.science-park-saar.de\/?s={search_term_string}\"},\"query-input\":{\"@type\":\"PropertyValueSpecification\",\"valueRequired\":true,\"valueName\":\"search_term_string\"}}],\"inLanguage\":\"fr-FR\"}]}<\/script>\n<!-- \/ Yoast SEO plugin. -->","yoast_head_json":{"title":"Page d\u2019accueil - Science Park Saar","robots":{"index":"index","follow":"follow","max-snippet":"max-snippet:-1","max-image-preview":"max-image-preview:large","max-video-preview":"max-video-preview:-1"},"canonical":"https:\/\/www.science-park-saar.de\/fr\/","og_locale":"fr_FR","og_type":"article","og_title":"Page d\u2019accueil - Science Park Saar","og_description":"Science Park Saar \u2013 Le point de rencontre de la recherche et de l\u2019\u00e9conomie Le","og_url":"https:\/\/www.science-park-saar.de\/fr\/","og_site_name":"Science Park Saar","article_modified_time":"2023-11-03T07:44:22+00:00","twitter_card":"summary_large_image","twitter_misc":{"Dur\u00e9e de lecture estim\u00e9e":"2 minutes"},"schema":{"@context":"https:\/\/schema.org","@graph":[{"@type":"WebPage","@id":"https:\/\/www.science-park-saar.de\/fr\/","url":"https:\/\/www.science-park-saar.de\/fr\/","name":"Page d\u2019accueil - Science Park Saar","isPartOf":{"@id":"https:\/\/www.science-park-saar.de\/#website"},"datePublished":"2017-06-06T08:08:48+00:00","dateModified":"2023-11-03T07:44:22+00:00","breadcrumb":{"@id":"https:\/\/www.science-park-saar.de\/fr\/#breadcrumb"},"inLanguage":"fr-FR","potentialAction":[{"@type":"ReadAction","target":["https:\/\/www.science-park-saar.de\/fr\/"]}]},{"@type":"BreadcrumbList","@id":"https:\/\/www.science-park-saar.de\/fr\/#breadcrumb","itemListElement":[{"@type":"ListItem","position":1,"name":"Startseite","item":"https:\/\/www.science-park-saar.de\/fr\/"},{"@type":"ListItem","position":2,"name":"Page d\u2019accueil"}]},{"@type":"WebSite","@id":"https:\/\/www.science-park-saar.de\/#website","url":"https:\/\/www.science-park-saar.de\/","name":"Science Park Saar","description":"","potentialAction":[{"@type":"SearchAction","target":{"@type":"EntryPoint","urlTemplate":"https:\/\/www.science-park-saar.de\/?s={search_term_string}"},"query-input":{"@type":"PropertyValueSpecification","valueRequired":true,"valueName":"search_term_string"}}],"inLanguage":"fr-FR"}]}},"_links":{"self":[{"href":"https:\/\/www.science-park-saar.de\/fr\/wp-json\/wp\/v2\/pages\/1065","targetHints":{"allow":["GET"]}}],"collection":[{"href":"https:\/\/www.science-park-saar.de\/fr\/wp-json\/wp\/v2\/pages"}],"about":[{"href":"https:\/\/www.science-park-saar.de\/fr\/wp-json\/wp\/v2\/types\/page"}],"author":[{"embeddable":true,"href":"https:\/\/www.science-park-saar.de\/fr\/wp-json\/wp\/v2\/users\/2"}],"replies":[{"embeddable":true,"href":"https:\/\/www.science-park-saar.de\/fr\/wp-json\/wp\/v2\/comments?post=1065"}],"version-history":[{"count":4,"href":"https:\/\/www.science-park-saar.de\/fr\/wp-json\/wp\/v2\/pages\/1065\/revisions"}],"predecessor-version":[{"id":4059,"href":"https:\/\/www.science-park-saar.de\/fr\/wp-json\/wp\/v2\/pages\/1065\/revisions\/4059"}],"wp:attachment":[{"href":"https:\/\/www.science-park-saar.de\/fr\/wp-json\/wp\/v2\/media?parent=1065"}],"curies":[{"name":"wp","href":"https:\/\/api.w.org\/{rel}","templated":true}]}}